{"id":2971683,"date":"2026-04-10T06:08:47","date_gmt":"2026-04-10T06:08:47","guid":{"rendered":"https:\/\/vattenindustrin.se\/?page_id=2971683"},"modified":"2026-04-13T20:01:44","modified_gmt":"2026-04-13T20:01:44","slug":"forum","status":"publish","type":"page","link":"https:\/\/vattenindustrin.se\/en\/forum\/","title":{"rendered":"Water Industry FORUM"},"content":{"rendered":"<figure class=\"wp-block-video alignfull hero-video\"><video height=\"1080\" style=\"aspect-ratio: 1920 \/ 1080;\" width=\"1920\" autoplay loop muted src=\"https:\/\/vattenindustrin.se\/wp-content\/uploads\/2026\/04\/Forum-2026-Promo_noCTA_veryfast.mp4\" playsinline><\/video><\/figure>\n\n\n\n<div style=\"height:40px\" aria-hidden=\"true\" class=\"wp-block-spacer\"><\/div>\n\n\n\n<h2 class=\"wp-block-heading alignwide\">Water and sanitation preparedness in focus \u2013 Welcome to Forum26<br><\/h2>\n\n\n\n<div class=\"wp-block-group alignwide is-layout-constrained wp-block-group-is-layout-constrained\">\n<p class=\"has-text-align-left\">For some time now, the water sector has been facing a new reality. Climate change, digitalization, urbanization and a changing security situation are some of the factors that are making systems more complex, more vulnerable and more dependent on each other. To meet future challenges, the Water Industry invites you to Forum26, a common meeting place where we together strengthen Sweden&#039;s water supply and preparedness.<\/p>\n\n\n\n<p class=\"has-text-align-left\">At Forum26 you will participate in an exercise where the public and private sectors meet in realistic scenarios. We bring together leading experts, operational actors and strategic decision-makers to test how decisions are made, how responsibility is taken and how the interaction works when it really matters. During the day you will have the opportunity to reflect on your own role and how your organization can contribute to strengthening Sweden&#039;s water and sanitation preparedness together.<\/p>\n\n\n\n<p class=\"has-text-align-left\">Welcome to Forum26 on November 19, 2026. More information to come!<br><br><\/p>\n<\/div>\n\n\n\n<section  class=\"tebab-block-text_columns alignfull\">\n\t<div class=\"contained\">\n\t\t<div class=\"columns\">\n\t\t\t\t\t\t\t<div class=\"column has-image\">\n\t\t\t\t\t \n\t\t\t\t\t\t<div class=\"image\">\n\t\t\t\t\t\t\t<img loading=\"lazy\" decoding=\"async\" width=\"1000\" height=\"622\" src=\"https:\/\/vattenindustrin.se\/wp-content\/uploads\/2026\/04\/Bild.jpeg\" class=\"attachment-large size-large\" alt=\"\" srcset=\"https:\/\/vattenindustrin.se\/wp-content\/uploads\/2026\/04\/Bild.jpeg 1000w, https:\/\/vattenindustrin.se\/wp-content\/uploads\/2026\/04\/Bild-300x187.jpeg 300w, https:\/\/vattenindustrin.se\/wp-content\/uploads\/2026\/04\/Bild-768x478.jpeg 768w, https:\/\/vattenindustrin.se\/wp-content\/uploads\/2026\/04\/Bild-18x12.jpeg 18w\" sizes=\"auto, (max-width: 1000px) 100vw, 1000px\" \/>\t\t\t\t\t\t<\/div>\n\t\t\t\t\t\t\t\t\t\t<div class=\"content\">\n\t\t\t\t\t\t<h3 class=\"column-title\">Forum26 for those who work within a municipality<\/h3>\n\t\t\t\t\t\t<p class=\"column-text\">Municipalities are crucial to securing drinking water and sewage, in everyday life and in times of crisis. At Forum26 you will meet the public and private sectors in a joint exercise where dialogue, understanding and cooperation are in focus. Together with leading experts in the field, you will share experiences and exchange perspectives through realistic scenarios. You will leave Forum26 with a clearer picture of how you can act together to strengthen water and sanitation preparedness. Welcome on November 19!<\/p>\n\t\t\t\t\t\t\t\t\t\t\t<\/div>\n\t\t\t\t<\/div>\n\t\t\t\t\t\t\t<div class=\"column has-image\">\n\t\t\t\t\t \n\t\t\t\t\t\t<div class=\"image\">\n\t\t\t\t\t\t\t<img loading=\"lazy\" decoding=\"async\" width=\"1024\" height=\"719\" src=\"https:\/\/vattenindustrin.se\/wp-content\/uploads\/2026\/04\/pexels-moklebust-9384849-1024x719.jpg\" class=\"attachment-large size-large\" alt=\"\" srcset=\"https:\/\/vattenindustrin.se\/wp-content\/uploads\/2026\/04\/pexels-moklebust-9384849-1024x719.jpg 1024w, https:\/\/vattenindustrin.se\/wp-content\/uploads\/2026\/04\/pexels-moklebust-9384849-300x211.jpg 300w, https:\/\/vattenindustrin.se\/wp-content\/uploads\/2026\/04\/pexels-moklebust-9384849-768x540.jpg 768w, https:\/\/vattenindustrin.se\/wp-content\/uploads\/2026\/04\/pexels-moklebust-9384849-1536x1079.jpg 1536w, https:\/\/vattenindustrin.se\/wp-content\/uploads\/2026\/04\/pexels-moklebust-9384849-2048x1439.jpg 2048w, https:\/\/vattenindustrin.se\/wp-content\/uploads\/2026\/04\/pexels-moklebust-9384849-18x12.jpg 18w, https:\/\/vattenindustrin.se\/wp-content\/uploads\/2026\/04\/pexels-moklebust-9384849-1537x1080.jpg 1537w\" sizes=\"auto, (max-width: 1024px) 100vw, 1024px\" \/>\t\t\t\t\t\t<\/div>\n\t\t\t\t\t\t\t\t\t\t<div class=\"content\">\n\t\t\t\t\t\t<h3 class=\"column-title\">Forum26 for those of you who work within a government agency<\/h3>\n\t\t\t\t\t\t<p class=\"column-text\">Governance, prioritization and coordination shape the conditions for the entire water preparedness. At Forum26 you will face the operational reality and see how decisions, requirements and regulations work in practice. Through dialogue and realistic scenarios, the understanding of how you, together with other actors, can act together to strengthen water and sanitation preparedness will be deepened. During Forum26, leading experts will contribute insights that strengthen our joint ability to develop governance that works when it really matters. Welcome on November 19!<\/p>\n\t\t\t\t\t\t\t\t\t\t\t<\/div>\n\t\t\t\t<\/div>\n\t\t\t\t\t\t\t<div class=\"column has-image\">\n\t\t\t\t\t \n\t\t\t\t\t\t<div class=\"image\">\n\t\t\t\t\t\t\t<img loading=\"lazy\" decoding=\"async\" width=\"1024\" height=\"767\" src=\"https:\/\/vattenindustrin.se\/wp-content\/uploads\/2025\/12\/jonas-jacobsson-KnXuzzv1lAE-unsplash-1024x767.jpg\" class=\"attachment-large size-large\" alt=\"\" srcset=\"https:\/\/vattenindustrin.se\/wp-content\/uploads\/2025\/12\/jonas-jacobsson-KnXuzzv1lAE-unsplash-1024x767.jpg 1024w, https:\/\/vattenindustrin.se\/wp-content\/uploads\/2025\/12\/jonas-jacobsson-KnXuzzv1lAE-unsplash-300x225.jpg 300w, https:\/\/vattenindustrin.se\/wp-content\/uploads\/2025\/12\/jonas-jacobsson-KnXuzzv1lAE-unsplash-768x575.jpg 768w, https:\/\/vattenindustrin.se\/wp-content\/uploads\/2025\/12\/jonas-jacobsson-KnXuzzv1lAE-unsplash-1536x1150.jpg 1536w, https:\/\/vattenindustrin.se\/wp-content\/uploads\/2025\/12\/jonas-jacobsson-KnXuzzv1lAE-unsplash-2048x1534.jpg 2048w, https:\/\/vattenindustrin.se\/wp-content\/uploads\/2025\/12\/jonas-jacobsson-KnXuzzv1lAE-unsplash-16x12.jpg 16w, https:\/\/vattenindustrin.se\/wp-content\/uploads\/2025\/12\/jonas-jacobsson-KnXuzzv1lAE-unsplash-1442x1080.jpg 1442w\" sizes=\"auto, (max-width: 1024px) 100vw, 1024px\" \/>\t\t\t\t\t\t<\/div>\n\t\t\t\t\t\t\t\t\t\t<div class=\"content\">\n\t\t\t\t\t\t<h3 class=\"column-title\">Forum26 for those of you who work within an industry organization<\/h3>\n\t\t\t\t\t\t<p class=\"column-text\">As conveners and driving actors, you have a key role in turning collaboration into reality. At Forum26, you will meet the public and private sectors in realistic scenarios where experiences are shared and perspectives meet. During Forum26, leading experts will contribute knowledge, new perspectives and concrete insights. You will leave Forum26 with a clearer picture of what you can contribute, what already works and how you can strengthen your role as an important force in making collaboration possible in practice. Welcome on November 19!<\/p>\n\t\t\t\t\t\t\t\t\t\t\t<\/div>\n\t\t\t\t<\/div>\n\t\t\t\t\t<\/div>\n\t<\/div>\n<\/section>\n\n\n<div class=\"wp-block-group alignwide is-layout-constrained wp-block-group-is-layout-constrained\">\n<div style=\"height:70px\" aria-hidden=\"true\" class=\"wp-block-spacer\"><\/div>\n\n\n\n<h2 class=\"wp-block-heading alignwide\">Forum26 \u2013 a meeting place arranged by the Water Industry<\/h2>\n\n\n\n<p>Forum26 is a meeting place arranged by the Swedish Water Industry. Here the public sector, authorities, organizations and business come together to jointly strengthen Sweden&#039;s water security. Through realistic scenarios, we test how responsibility, decisions and collaboration work when it really matters. For robust and resilient water security, interaction between many actors is needed. In practice, not just in theory.<\/p>\n<\/div>\n\n\n\n<div style=\"height:70px\" aria-hidden=\"true\" class=\"wp-block-spacer\"><\/div>","protected":false},"excerpt":{"rendered":"<p>VA-beredskap i fokus &#8211; V\u00e4lkommen till Forum26 Sedan en tid tillbaka st\u00e5r vattensektorn inf\u00f6r en ny verklighet. Klimatf\u00f6r\u00e4ndringar, digitalisering, urbanisering och ett f\u00f6r\u00e4ndrat s\u00e4kerhetspolitiskt l\u00e4ge \u00e4r n\u00e5gra av de faktorer som g\u00f6r att systemen blir mer komplexa, mer s\u00e5rbara och mer beroende av varandra. F\u00f6r att m\u00f6ta framtida utmaningar bjuder Vattenindustrin in till Forum26, en [&hellip;]<\/p>\n","protected":false},"author":12,"featured_media":0,"parent":0,"menu_order":0,"comment_status":"closed","ping_status":"closed","template":"","meta":{"footnotes":""},"class_list":["post-2971683","page","type-page","status-publish","hentry"],"acf":[],"_links":{"self":[{"href":"https:\/\/vattenindustrin.se\/en\/wp-json\/wp\/v2\/pages\/2971683","targetHints":{"allow":["GET"]}}],"collection":[{"href":"https:\/\/vattenindustrin.se\/en\/wp-json\/wp\/v2\/pages"}],"about":[{"href":"https:\/\/vattenindustrin.se\/en\/wp-json\/wp\/v2\/types\/page"}],"author":[{"embeddable":true,"href":"https:\/\/vattenindustrin.se\/en\/wp-json\/wp\/v2\/users\/12"}],"replies":[{"embeddable":true,"href":"https:\/\/vattenindustrin.se\/en\/wp-json\/wp\/v2\/comments?post=2971683"}],"version-history":[{"count":89,"href":"https:\/\/vattenindustrin.se\/en\/wp-json\/wp\/v2\/pages\/2971683\/revisions"}],"predecessor-version":[{"id":2971871,"href":"https:\/\/vattenindustrin.se\/en\/wp-json\/wp\/v2\/pages\/2971683\/revisions\/2971871"}],"wp:attachment":[{"href":"https:\/\/vattenindustrin.se\/en\/wp-json\/wp\/v2\/media?parent=2971683"}],"curies":[{"name":"wp","href":"https:\/\/api.w.org\/{rel}","templated":true}]}}