{"id":2971615,"date":"2026-04-02T10:23:26","date_gmt":"2026-04-02T10:23:26","guid":{"rendered":"https:\/\/vattenindustrin.se\/?page_id=2971615"},"modified":"2026-04-06T19:58:20","modified_gmt":"2026-04-06T19:58:20","slug":"basta-examensarbete-inom-va-2025","status":"publish","type":"page","link":"https:\/\/vattenindustrin.se\/en\/basta-examensarbete-inom-va-2025\/","title":{"rendered":"Best thesis in VA 2025"},"content":{"rendered":"<style>\n    \/* Se till att inneh?llet i ingressen anv?nder den storlek & f?rg vi s?tter p? wrappern *\/\n    .tebab-block-hero__ingress p,\n    .tebab-block-hero__ingress a,\n    .tebab-block-hero__ingress strong,\n    .tebab-block-hero__ingress em {\n        color: inherit !important;\n        font-size: inherit !important;\n        line-height: inherit;\n    }\n<\/style>\n\n<section\n        class=\"tebab-block-hero alignfull\"\n    style=\"--heading-color: #ffffff;\"\n>\n    <img loading=\"lazy\" decoding=\"async\" width=\"1537\" height=\"1080\" src=\"https:\/\/vattenindustrin.se\/wp-content\/uploads\/2026\/04\/pexels-moklebust-9384849_filtered-1-1537x1080.jpg\" class=\"attachment-landscape size-landscape\" alt=\"\" srcset=\"https:\/\/vattenindustrin.se\/wp-content\/uploads\/2026\/04\/pexels-moklebust-9384849_filtered-1-1537x1080.jpg 1537w, https:\/\/vattenindustrin.se\/wp-content\/uploads\/2026\/04\/pexels-moklebust-9384849_filtered-1-300x211.jpg 300w, https:\/\/vattenindustrin.se\/wp-content\/uploads\/2026\/04\/pexels-moklebust-9384849_filtered-1-1024x719.jpg 1024w, https:\/\/vattenindustrin.se\/wp-content\/uploads\/2026\/04\/pexels-moklebust-9384849_filtered-1-768x540.jpg 768w, https:\/\/vattenindustrin.se\/wp-content\/uploads\/2026\/04\/pexels-moklebust-9384849_filtered-1-1536x1079.jpg 1536w, https:\/\/vattenindustrin.se\/wp-content\/uploads\/2026\/04\/pexels-moklebust-9384849_filtered-1-2048x1439.jpg 2048w, https:\/\/vattenindustrin.se\/wp-content\/uploads\/2026\/04\/pexels-moklebust-9384849_filtered-1-18x12.jpg 18w\" sizes=\"auto, (max-width: 1537px) 100vw, 1537px\" \/>\n    <div class=\"contained\">\n        <h1 class=\"tebab-block-hero__heading\">\n            Best thesis in VA 2025        <\/h1>\n\n        \n            <\/div>\n<\/section>\n\n\n\n<div style=\"height:20px\" aria-hidden=\"true\" class=\"wp-block-spacer\"><\/div>\n\n\n\n<h3 class=\"wp-block-heading\">To raise awareness and raise the status of the water and sanitation field, Svenskt Vatten, Structorstiftelsen and the Swedish Water Industry award a prize for the best thesis in the water and sanitation field once a year. The hope is that the prize will contribute to more students at Swedish universities choosing water and sanitation as a focus for their future thesis and subsequent professional lives.<\/h3>\n\n\n\n<p>The prize consists of three scholarships of SEK 50,000 for 30 credits and one scholarship of SEK 25,000 for 15 credits.<\/p>\n\n\n\n<p>The winner will be selected according to the following criteria:<\/p>\n\n\n\n<ul class=\"wp-block-list\">\n<li>News value<\/li>\n\n\n\n<li>High relevance for the water and sanitation industry and a realizable benefit<\/li>\n\n\n\n<li>Ability to describe the work in a balanced and easy-to-read manner<\/li>\n<\/ul>\n\n\n\n<div style=\"height:60px\" aria-hidden=\"true\" class=\"wp-block-spacer\"><\/div>\n\n\n<section  class=\"tebab-block-split_screen alignfull image_alignment-right\">\n    <div class=\"contained\">\n        <div class=\"tebab-block-split_screen__image-wrapper\">\n            <img loading=\"lazy\" decoding=\"async\" width=\"988\" height=\"659\" src=\"https:\/\/vattenindustrin.se\/wp-content\/uploads\/2026\/04\/pexels-paparazziratzfatzzi-13398112-scaled-e1775641762834.jpg\" class=\"attachment-landscape size-landscape\" alt=\"\" \/>        <\/div>\n\n        <div class=\"tebab-block-split_screen__content-wrapper\">\n            <h1 style=\"font-weight: 400;\"><strong>The winners of Best Master&#039;s Thesis in VA 2025<\/strong><\/h1>\n<p style=\"font-weight: 400;\">This year&#039;s award winner is <strong><em>Kaleb Engvall<\/em>, <em>Emil Planhem<\/em>, <em>Koushikk Suyambulingam Raja<\/em>, <em>Jacob Ammenberg <\/em><\/strong>and <strong><em>Julia Lofberg<\/em><\/strong>. Three organizations are behind the award: <a href=\"https:\/\/www.svensktvatten.se\" target=\"_blank\" rel=\"noopener\">Swedish Water<\/a>, Water industry and <a href=\"https:\/\/structorstiftelsen.se\" target=\"_blank\" rel=\"noopener\">The Structor Foundation<\/a> who have come together to create interest in and attract more people to choose the water and sanitation industry.<\/p>\n<p style=\"font-weight: 400;\">A special thank you to this year&#039;s jury:<\/p>\n<ul>\n<li>Daniel Hellstr\u00f6m, Head of Quality and Development, Norrvatten Municipal Association<\/li>\n<li>Jesper Olsson, development engineer, K\u00e4ppala Association<\/li>\n<li>Sofia Andersson, development engineer, Stockholm water and waste AB<\/li>\n<li>Gustav Myhrman, Unit Manager, M\u00e4larenergi Vatten AB<\/li>\n<li>Dennis Adolfsson, Group Manager VA Process, Sweco and Board Member Vattenindustrin<\/li>\n<li>Matilda Jirblom, process engineer, Ramboll and chair, Next Generation Focus Group for the Water Industry<\/li>\n<\/ul>\n\n            \n        <\/div>\n    <\/div>\n<\/section>\n\n\n<div style=\"height:60px\" aria-hidden=\"true\" class=\"wp-block-spacer\"><\/div>\n\n\n\n<div class=\"wp-block-columns alignwide is-layout-flex wp-container-core-columns-is-layout-9d6595d7 wp-block-columns-is-layout-flex\">\n<div class=\"wp-block-column is-layout-flow wp-block-column-is-layout-flow\">\n<h2 class=\"wp-block-heading\"><strong>Best degree project 30 credits:<\/strong><\/h2>\n\n\n\n<p><strong>Kaleb Engvall,&nbsp;<em>Method selection for PFAS removal \u2013 An investigation of pilot trials at waterworks&nbsp;<\/em>(Uppsala University)<\/strong><br><br>In the thesis, the results from pilot trials at six waterworks in Sweden have been analyzed and compared. The aim was to investigate the suitability of different methods and the impact of water chemistry on PFAS removal. The results show that nanofiltration is the one, of the tested methods, that provides the most effective PFAS removal.&nbsp;<\/p>\n\n\n\n<p><strong>Justification<br><\/strong><em>\u201d&quot;The report addresses a highly topical topic that we need more knowledge about. The work is considered to have high news value and high relevance, while the report is both well-structured and well-formulated.&quot;\u201d&nbsp;<\/em><strong><\/strong><\/p>\n<\/div>\n\n\n\n<div class=\"wp-block-column is-layout-flow wp-block-column-is-layout-flow\">\n<h2 class=\"wp-block-heading\"><strong>Best degree project 30 credits:<\/strong><\/h2>\n\n\n\n<p><strong>Emil Planhem,&nbsp;<em>Understanding the Dynamics of Microbial Growth and Disinfection Strategies in Granular Activated Carbon Filters for Drinking Water Treatment<\/em>&nbsp;(KTH)<\/strong><\/p>\n\n\n\n<p>The thesis looked at the potential growth of unwanted microorganisms in carbon filters and how different sources of contamination could accelerate growth when the combination of ultrafiltration (UF) followed by granular activated carbon (GAC). Sodium hydroxide (NaOH) was also evaluated for disinfection and regeneration of carbon filters, as a potential point-of-care measure for unwanted microbial growth.&nbsp;<br><br><strong>Justification<br><\/strong><em>\u201d&quot;The thesis addresses a relevant topic and has a high news value. The thesis is well-written, has a clear structure and is easy to understand despite the complexity of the topic. The work is also well-balanced and it is clear what the limitations of the study are.&quot;\u201d<\/em><\/p>\n<\/div>\n<\/div>\n\n\n\n<div style=\"height:20px\" aria-hidden=\"true\" class=\"wp-block-spacer\"><\/div>\n\n\n\n<div class=\"wp-block-columns alignwide is-layout-flex wp-container-core-columns-is-layout-9d6595d7 wp-block-columns-is-layout-flex\">\n<div class=\"wp-block-column is-layout-flow wp-block-column-is-layout-flow\">\n<h2 class=\"wp-block-heading\"><strong>Best degree project 30 credits:<\/strong><\/h2>\n\n\n\n<p><strong>Koushikk Suyambulingam Raja,&nbsp;<em>Why Water Consumption Is Declining in Gothenburg: Factors and Future Strategies Exploring the driving forces behind decline in water consumption and suggest practical solutions<\/em>(Chalmers University of Technology)<\/strong><\/p>\n\n\n\n<p>In Gothenburg, over the past two decades, per capita water consumption in residential areas has decreased from 178 liters per capita per day (lpcd) in 2006 to approximately 130 lpcd in 2023. This reduction was achieved without any coercive measures and its scientific cause is unknown and open to speculation. This thesis investigates the most important factors and may contribute to developing effective water saving strategies for other cities.&nbsp;<\/p>\n\n\n\n<p><strong>Justification<br><\/strong><em>\u201d&quot;The thesis explores a very relevant topic that needs to be highlighted more often and the work has great news value. Furthermore, the thesis has carried out extensive work and used a methodological approach that has created rigorous results.&quot;\u201d<\/em><\/p>\n<\/div>\n\n\n\n<div class=\"wp-block-column is-layout-flow wp-block-column-is-layout-flow\">\n<h2 class=\"wp-block-heading\"><strong><strong>The winners of the bachelor&#039;s thesis 15 credits:<\/strong><\/strong><\/h2>\n\n\n\n<p><strong>Jacob Ammenberg and Julia L\u00f6fberg,&nbsp;<em>Greenhouse gas emissions from medium-sized wastewater treatment plants \u2013 Identification and measures&nbsp;<\/em>(Link\u00f6ping University)&nbsp;<\/strong><\/p>\n\n\n\n<p>Despite an increasing global focus on climate change, there are still uncertainties about where in the treatment processes greenhouse gases are formed and to what extent. The study is based on a combined method approach that includes a literature study, interviews and analysis of climate calculation tools from medium-sized Swedish wastewater treatment plants. The aim is to identify and analyze the main direct and indirect greenhouse gas emissions within Scope 1 (direct emissions) and 2 (indirect emissions from, for example, energy production) from medium-sized Swedish wastewater treatment plants.<\/p>\n\n\n\n<p><strong>Justification<br><\/strong><em>\u201d&quot;The thesis addresses a key challenge for Swedish wastewater treatment plants. The work is carried out with a clear methodology, is easy to understand and has high relevance.&quot;\u201d<\/em><\/p>\n<\/div>\n<\/div>\n\n\n\n<div style=\"height:60px\" aria-hidden=\"true\" class=\"wp-block-spacer\"><\/div>","protected":false},"excerpt":{"rendered":"<p>F\u00f6r att uppm\u00e4rksamma och h\u00f6ja statusen f\u00f6r VA-omr\u00e5det, delar Svenskt Vatten, Structorstiftelsen och Vattenindustrin ut pris till b\u00e4sta examensarbete inom VA-omr\u00e5det en g\u00e5ng om \u00e5ret. F\u00f6rhoppningen \u00e4r att priset ska bidra till att fler studenter vid svenska l\u00e4ros\u00e4ten v\u00e4ljer VA som inriktning p\u00e5 kommande examensarbete och d\u00e4refter f\u00f6ljande yrkesliv. Priset utg\u00f6rs av tre stipendier \u00e0 [&hellip;]<\/p>\n","protected":false},"author":11,"featured_media":2971623,"parent":0,"menu_order":0,"comment_status":"closed","ping_status":"closed","template":"","meta":{"footnotes":""},"class_list":["post-2971615","page","type-page","status-publish","has-post-thumbnail","hentry"],"acf":[],"_links":{"self":[{"href":"https:\/\/vattenindustrin.se\/en\/wp-json\/wp\/v2\/pages\/2971615","targetHints":{"allow":["GET"]}}],"collection":[{"href":"https:\/\/vattenindustrin.se\/en\/wp-json\/wp\/v2\/pages"}],"about":[{"href":"https:\/\/vattenindustrin.se\/en\/wp-json\/wp\/v2\/types\/page"}],"author":[{"embeddable":true,"href":"https:\/\/vattenindustrin.se\/en\/wp-json\/wp\/v2\/users\/11"}],"replies":[{"embeddable":true,"href":"https:\/\/vattenindustrin.se\/en\/wp-json\/wp\/v2\/comments?post=2971615"}],"version-history":[{"count":19,"href":"https:\/\/vattenindustrin.se\/en\/wp-json\/wp\/v2\/pages\/2971615\/revisions"}],"predecessor-version":[{"id":2971658,"href":"https:\/\/vattenindustrin.se\/en\/wp-json\/wp\/v2\/pages\/2971615\/revisions\/2971658"}],"wp:featuredmedia":[{"embeddable":true,"href":"https:\/\/vattenindustrin.se\/en\/wp-json\/wp\/v2\/media\/2971623"}],"wp:attachment":[{"href":"https:\/\/vattenindustrin.se\/en\/wp-json\/wp\/v2\/media?parent=2971615"}],"curies":[{"name":"wp","href":"https:\/\/api.w.org\/{rel}","templated":true}]}}