{"id":2970352,"date":"2025-06-26T13:32:35","date_gmt":"2025-06-26T13:32:35","guid":{"rendered":"https:\/\/vattenindustrin.se\/?page_id=2970352"},"modified":"2026-03-23T12:57:30","modified_gmt":"2026-03-23T12:57:30","slug":"internship","status":"publish","type":"page","link":"https:\/\/vattenindustrin.se\/en\/internship\/","title":{"rendered":"Water Industry Internship Program"},"content":{"rendered":"<style>\n    \/* Se till att inneh?llet i ingressen anv?nder den storlek & f?rg vi s?tter p? wrappern *\/\n    .tebab-block-hero__ingress p,\n    .tebab-block-hero__ingress a,\n    .tebab-block-hero__ingress strong,\n    .tebab-block-hero__ingress em {\n        color: inherit !important;\n        font-size: inherit !important;\n        line-height: inherit;\n    }\n<\/style>\n\n<section\n        class=\"tebab-block-hero alignfull\"\n    style=\"--heading-color: #00354e;\"\n>\n    <img loading=\"lazy\" decoding=\"async\" width=\"1619\" height=\"1080\" src=\"https:\/\/vattenindustrin.se\/wp-content\/uploads\/2025\/06\/michael-oeser-nfj1gzws7HM-unsplash-2-1619x1080.jpg\" class=\"attachment-landscape size-landscape\" alt=\"\" srcset=\"https:\/\/vattenindustrin.se\/wp-content\/uploads\/2025\/06\/michael-oeser-nfj1gzws7HM-unsplash-2-1619x1080.jpg 1619w, https:\/\/vattenindustrin.se\/wp-content\/uploads\/2025\/06\/michael-oeser-nfj1gzws7HM-unsplash-2-300x200.jpg 300w, https:\/\/vattenindustrin.se\/wp-content\/uploads\/2025\/06\/michael-oeser-nfj1gzws7HM-unsplash-2-1024x683.jpg 1024w, https:\/\/vattenindustrin.se\/wp-content\/uploads\/2025\/06\/michael-oeser-nfj1gzws7HM-unsplash-2-768x512.jpg 768w, https:\/\/vattenindustrin.se\/wp-content\/uploads\/2025\/06\/michael-oeser-nfj1gzws7HM-unsplash-2-1536x1025.jpg 1536w, https:\/\/vattenindustrin.se\/wp-content\/uploads\/2025\/06\/michael-oeser-nfj1gzws7HM-unsplash-2.jpg 2000w\" sizes=\"auto, (max-width: 1619px) 100vw, 1619px\" \/>\n    <div class=\"contained\">\n        <h1 class=\"tebab-block-hero__heading\">\n            Water Industry Internship Program        <\/h1>\n\n                    <div class=\"tebab-block-hero__ingress p\" style=\"font-size:clamp(1.125rem, 1rem + 0.9vw, 1.5rem);color:#ffffff !important;\">\n                <p>Find out if a career in water could be for you with the Water Industry Internship Program!<\/p>\n            <\/div>\n        \n            <\/div>\n<\/section>\n\n\n\n<div style=\"height:100px\" aria-hidden=\"true\" class=\"wp-block-spacer\"><\/div>\n\n\n\n<div class=\"wp-block-columns alignwide is-layout-flex wp-container-core-columns-is-layout-9d6595d7 wp-block-columns-is-layout-flex\">\n<div class=\"wp-block-column is-layout-flow wp-block-column-is-layout-flow\" style=\"flex-basis:100%\">\n<div class=\"wp-block-group is-layout-constrained wp-block-group-is-layout-constrained\">\n<h2 class=\"wp-block-heading has-large-font-size\">\u201d&quot;In retrospect, I have now realized what insight I have gained into the industry and how many incredibly exciting people I have met!&quot;\u201d<\/h2>\n<\/div>\n<\/div>\n\n\n\n<div class=\"wp-block-column is-layout-flow wp-block-column-is-layout-flow\" style=\"flex-basis:100%\">\n<div class=\"wp-block-group is-layout-constrained wp-block-group-is-layout-constrained\">\n<h4 class=\"wp-block-heading\">The Water Industry Internship Program aims to attract young people to an industry filled with exciting opportunities in many areas, from technical challenges to major societal issues. You will have a summer you will never forget!<\/h4>\n\n\n\n<p>The Water Industry Internship Program will return in the summer of 2026. During a few summer weeks, you, as a student at a university, college or vocational school, will get to experience what it is like to work with water from several different exciting perspectives and roles in a paid Internship Program. This year, the program will be carried out in Gothenburg and Halmstad. The companies participating in the program are:&nbsp;<a href=\"https:\/\/www.hubersverige.se\/se.html\">Huber Technology<\/a>, <a href=\"https:\/\/www.sweco.se\/\">Sweco Sweden<\/a>&nbsp;and <a href=\"https:\/\/uniwater.se\/\">Uniwater <\/a>in Gothenburg and <a href=\"https:\/\/www.hms-networks.com\/\">HMS Industrial Networks<\/a>&nbsp;in Halmstad, which provides a unique insight into several different parts of the industry!<\/p>\n\n\n\n<p>The application deadline for the 2026 Internship was March 3. Registration is now closed and applicants are being selected.<\/p>\n<\/div>\n<\/div>\n<\/div>\n\n\n\n<div style=\"height:40px\" aria-hidden=\"true\" class=\"wp-block-spacer\"><\/div>\n\n\n<section  class=\"tebab-block-split_screen alignfull image_alignment-left\">\n    <div class=\"contained\">\n        <div class=\"tebab-block-split_screen__image-wrapper\">\n            <img loading=\"lazy\" decoding=\"async\" width=\"464\" height=\"536\" src=\"https:\/\/vattenindustrin.se\/wp-content\/uploads\/2025\/10\/e9900e82-900d-4141-94bf-f2748660ff6b.jpg\" class=\"attachment-landscape size-landscape\" alt=\"\" srcset=\"https:\/\/vattenindustrin.se\/wp-content\/uploads\/2025\/10\/e9900e82-900d-4141-94bf-f2748660ff6b.jpg 464w, https:\/\/vattenindustrin.se\/wp-content\/uploads\/2025\/10\/e9900e82-900d-4141-94bf-f2748660ff6b-260x300.jpg 260w\" sizes=\"auto, (max-width: 464px) 100vw, 464px\" \/>        <\/div>\n\n        <div class=\"tebab-block-split_screen__content-wrapper\">\n            <h2><strong>Program &amp; structure<\/strong><\/h2>\n<p>In 2025, there was the opportunity to choose between two different locations, Gothenburg and Stockholm. The program involved four companies and water and sanitation organizations in each area from different parts of the water industry, which provides a unique insight.<\/p>\n<p>The selected participants together visited the companies and VA organizations for lectures, study visits, case studies and workshops.<\/p>\n<p>In parallel, the group worked on a joint project assignment. The results of the assignment were presented to the industry in connection with the Water2025 Meeting Point at the Swedish Exhibition and Congress Center in Gothenburg.<\/p>\n<p>&nbsp;<\/p>\n\n            \n        <\/div>\n    <\/div>\n<\/section>\n\n\n<div style=\"height:40px\" aria-hidden=\"true\" class=\"wp-block-spacer\"><\/div>\n\n\n\n<div class=\"wp-block-columns alignwide is-layout-flex wp-container-core-columns-is-layout-9d6595d7 wp-block-columns-is-layout-flex\">\n<div class=\"wp-block-column is-layout-flow wp-block-column-is-layout-flow\" style=\"flex-basis:100%\">\n<div class=\"wp-block-group is-layout-constrained wp-block-group-is-layout-constrained\">\n<h2 class=\"wp-block-heading has-large-font-size\"><strong>\u201d&quot;Just getting to see such a wide range of activities, make interesting visits and learn so much has been very rewarding for me.&quot;\u201d<\/strong><\/h2>\n<\/div>\n<\/div>\n\n\n\n<div class=\"wp-block-column is-layout-flow wp-block-column-is-layout-flow\" style=\"flex-basis:100%\">\n<div class=\"wp-block-group is-layout-constrained wp-block-group-is-layout-constrained\">\n<h4 class=\"wp-block-heading\"><strong>About the Water Industry Internship Program<\/strong><\/h4>\n\n\n\n<h4 class=\"wp-block-heading\"><strong>Practical information:<\/strong><\/h4>\n\n\n\n<ul class=\"wp-block-list\">\n<li><strong>Place:<\/strong> Gothenburg\/Halmstad. We expect that you can arrange accommodation during the period within commuting distance.<\/li>\n\n\n\n<li><strong>Application deadline: <\/strong>March 3, 2026, selection is ongoing<\/li>\n\n\n\n<li><strong>Access:<\/strong> June 2026<\/li>\n\n\n\n<li><strong>Market salary<\/strong> paid for the summer weeks that the program is running<\/li>\n<\/ul>\n\n\n\n<h4 class=\"wp-block-heading\"><strong>We are looking for you as:&nbsp;<\/strong><\/h4>\n\n\n\n<ul class=\"wp-block-list\">\n<li>Are curious to learn more about water, you do not need to have previous experience in the industry<\/li>\n\n\n\n<li>Curious about how digitalization can help the water industry move forward?<\/li>\n\n\n\n<li>Still studying, but have progressed somewhat in your university, college or vocational school education and are not in their final year of education<\/li>\n\n\n\n<li>Have good communication skills and are easy to work with in a team<\/li>\n\n\n\n<li>Have good knowledge of Swedish and English<\/li>\n\n\n\n<li>Can arrange accommodation in the vicinity of Gothenburg\/Halmstad<\/li>\n<\/ul>\n\n\n\n<h4 class=\"wp-block-heading\"><strong>Preliminary dates to note:<\/strong><\/h4>\n<\/div>\n\n\n\n<ul class=\"wp-block-list\">\n<li><strong>March 3:&nbsp;<\/strong>Application deadline<\/li>\n\n\n\n<li><strong>April:&nbsp;<\/strong>Interviews, information meeting<\/li>\n\n\n\n<li><strong>June:<\/strong>&nbsp;Kick-off<\/li>\n\n\n\n<li><strong>4 weeks spread over June &amp; August:&nbsp;<\/strong>The schedule for the Water Industry Internship Program will be rescheduled for weeks 24, 26, 33 &amp; 34<\/li>\n\n\n\n<li><strong>August:&nbsp;<\/strong>Evaluation meeting &amp; first presentation of thematic work<\/li>\n\n\n\n<li><strong>September:&nbsp;<\/strong>Genre rep (digital)<\/li>\n\n\n\n<li><strong>September:&nbsp;<\/strong>Final presentation at <a href=\"https:\/\/www.nordiwa.org\/\" data-type=\"link\" data-id=\"https:\/\/www.nordiwa.org\/\">Nordiwa,<\/a> any of the days 16-18 September, Stockholm<\/li>\n<\/ul>\n<\/div>\n<\/div>\n\n\n\n<div style=\"height:40px\" aria-hidden=\"true\" class=\"wp-block-spacer\"><\/div>\n\n\n\n<div class=\"wp-block-group alignwide tebab-form-image is-content-justification-left is-nowrap is-layout-flex wp-container-core-group-is-layout-f56a869c wp-block-group-is-layout-flex\">\n<figure class=\"wp-block-gallery has-nested-images columns-default is-cropped wp-block-gallery-1 is-layout-flex wp-block-gallery-is-layout-flex\">\n<figure class=\"wp-block-image size-full is-style-rounded\"><img loading=\"lazy\" decoding=\"async\" width=\"2560\" height=\"1707\" data-id=\"2970267\" src=\"https:\/\/vattenindustrin.se\/wp-content\/uploads\/2025\/06\/water_3-scaled.jpeg\" alt=\"\" class=\"wp-image-2970267\" style=\"aspect-ratio:1;object-fit:cover\" srcset=\"https:\/\/vattenindustrin.se\/wp-content\/uploads\/2025\/06\/water_3-scaled.jpeg 2560w, https:\/\/vattenindustrin.se\/wp-content\/uploads\/2025\/06\/water_3-300x200.jpeg 300w, https:\/\/vattenindustrin.se\/wp-content\/uploads\/2025\/06\/water_3-1024x683.jpeg 1024w, https:\/\/vattenindustrin.se\/wp-content\/uploads\/2025\/06\/water_3-768x512.jpeg 768w, https:\/\/vattenindustrin.se\/wp-content\/uploads\/2025\/06\/water_3-1536x1024.jpeg 1536w, https:\/\/vattenindustrin.se\/wp-content\/uploads\/2025\/06\/water_3-2048x1365.jpeg 2048w, https:\/\/vattenindustrin.se\/wp-content\/uploads\/2025\/06\/water_3-1620x1080.jpeg 1620w\" sizes=\"auto, (max-width: 2560px) 100vw, 2560px\" \/><\/figure>\n<\/figure>\n\n\n\n<div class=\"wp-block-group tebab-form-image__content has-white-background-color has-background wp-container-content-9cfa9a5a is-layout-flow wp-block-group-is-layout-flow\">\n<h2 class=\"wp-block-heading\">Would you like to receive invitations to upcoming activities for students?<\/h2>\n\n\n\n<p>The Water Industry processes the data shared in this form to prepare, implement and follow up the trainee program. For more information about how and why we process personal data, please read our <a href=\"\/en\/personuppgiftspolicy\/\" target=\"_blank\" rel=\"noreferrer noopener\">privacy policy<\/a>. By notifying <a href=\"mailto:kansliet@vattenindustrin.se\">kansliet@vattenindustrin.se<\/a>&nbsp;At any time you can request that your data be deleted.<\/p>\n\n\n<section  class=\"tebab-block-form\">\n    <form data-tebab-form=\"block_4f6b9757e4dd54f39ad325bd67592e9a\" data-tebab-page=\"2970352\" action=\"\">\n        <label class=\"input-wrapper\" for=\"for-och-efternamn\">\n    <span>First and last name:<\/span>\n    <input type=\"text\" name=\"for-och-efternamn\" id=\"for-och-efternamn\" placeholder=\"\" >\n<\/label><label class=\"input-wrapper\" for=\"namn-pa-skola\">\n    <span>Name of school:<\/span>\n    <input type=\"text\" name=\"namn-pa-skola\" id=\"namn-pa-skola\" placeholder=\"\" >\n<\/label><label class=\"input-wrapper\" for=\"namn-pa-utbildning\">\n    <span>Name of education:<\/span>\n    <input type=\"text\" name=\"namn-pa-utbildning\" id=\"namn-pa-utbildning\" placeholder=\"\" >\n<\/label><label class=\"input-wrapper\" for=\"studiear-termin-du-laser-just-nu\">\n    <span>Academic year \/ semester you are currently studying: <\/span>\n    <input type=\"text\" name=\"studiear-termin-du-laser-just-nu\" id=\"studiear-termin-du-laser-just-nu\" placeholder=\"\" >\n<\/label><label class=\"input-wrapper required\" for=\"e-post\">\n    <span>Email: *<\/span>\n    <input type=\"email\" name=\"e-post\" id=\"e-post\" placeholder=\"\" required>\n<\/label><label class=\"input-wrapper required\" for=\"samtycke\">\n    <input type=\"checkbox\" name=\"samtycke\" id=\"samtycke\" required>\n    <span>Yes, by signing up I am aware of and agree to the processing of my personal data as described above. *<\/span>\n<\/label>\n        <div class=\"input-wrapper\">\n            <button type=\"submit\" class=\"button\">Send<\/button>\n        <\/div>\n\n            <input type=\"hidden\" name=\"trp-form-language\" value=\"en\"\/><\/form>\n<\/section><\/div>\n<\/div>\n\n\n\n<div style=\"height:100px\" aria-hidden=\"true\" class=\"wp-block-spacer\"><\/div>\n\n\n\n<p><\/p>","protected":false},"excerpt":{"rendered":"<p>&#8221;Jag har i efterhand nu insett vilken inblick jag f\u00e5tt i branschen och hur m\u00e5nga otroligt sp\u00e4nnande m\u00e4nniskor jag f\u00e5tt tr\u00e4ffa!&#8221; Vattenindustrin Internship Program syftar till att attrahera unga till en bransch som \u00e4r fylld med sp\u00e4nnande m\u00f6jligheter inom m\u00e5nga omr\u00e5den, fr\u00e5n tekniska utmaningar till stora samh\u00e4llsfr\u00e5gor. Du f\u00e5r en sommar du sent ska gl\u00f6mma! [&hellip;]<\/p>\n","protected":false},"author":10,"featured_media":0,"parent":0,"menu_order":0,"comment_status":"closed","ping_status":"closed","template":"","meta":{"footnotes":""},"class_list":["post-2970352","page","type-page","status-publish","hentry"],"acf":[],"_links":{"self":[{"href":"https:\/\/vattenindustrin.se\/en\/wp-json\/wp\/v2\/pages\/2970352","targetHints":{"allow":["GET"]}}],"collection":[{"href":"https:\/\/vattenindustrin.se\/en\/wp-json\/wp\/v2\/pages"}],"about":[{"href":"https:\/\/vattenindustrin.se\/en\/wp-json\/wp\/v2\/types\/page"}],"author":[{"embeddable":true,"href":"https:\/\/vattenindustrin.se\/en\/wp-json\/wp\/v2\/users\/10"}],"replies":[{"embeddable":true,"href":"https:\/\/vattenindustrin.se\/en\/wp-json\/wp\/v2\/comments?post=2970352"}],"version-history":[{"count":39,"href":"https:\/\/vattenindustrin.se\/en\/wp-json\/wp\/v2\/pages\/2970352\/revisions"}],"predecessor-version":[{"id":2971560,"href":"https:\/\/vattenindustrin.se\/en\/wp-json\/wp\/v2\/pages\/2970352\/revisions\/2971560"}],"wp:attachment":[{"href":"https:\/\/vattenindustrin.se\/en\/wp-json\/wp\/v2\/media?parent=2970352"}],"curies":[{"name":"wp","href":"https:\/\/api.w.org\/{rel}","templated":true}]}}