{"id":2969832,"date":"2025-06-24T12:27:12","date_gmt":"2025-06-24T12:27:12","guid":{"rendered":"https:\/\/vattenindustrin.se\/?page_id=2969832"},"modified":"2025-12-01T11:48:38","modified_gmt":"2025-12-01T11:48:38","slug":"motesplatsvatten","status":"publish","type":"page","link":"https:\/\/vattenindustrin.se\/en\/motesplatsvatten\/","title":{"rendered":"Meeting point Water"},"content":{"rendered":"<style>\n    \/* Se till att inneh?llet i ingressen anv?nder den storlek & f?rg vi s?tter p? wrappern *\/\n    .tebab-block-hero__ingress p,\n    .tebab-block-hero__ingress a,\n    .tebab-block-hero__ingress strong,\n    .tebab-block-hero__ingress em {\n        color: inherit !important;\n        font-size: inherit !important;\n        line-height: inherit;\n    }\n<\/style>\n\n<section\n        class=\"tebab-block-hero alignfull\"\n    style=\"--heading-color: #ffffff;\"\n>\n    <img loading=\"lazy\" decoding=\"async\" width=\"1620\" height=\"1080\" src=\"https:\/\/vattenindustrin.se\/wp-content\/uploads\/2025\/06\/water_3-1620x1080.jpeg\" class=\"attachment-landscape size-landscape\" alt=\"\" srcset=\"https:\/\/vattenindustrin.se\/wp-content\/uploads\/2025\/06\/water_3-1620x1080.jpeg 1620w, https:\/\/vattenindustrin.se\/wp-content\/uploads\/2025\/06\/water_3-300x200.jpeg 300w, https:\/\/vattenindustrin.se\/wp-content\/uploads\/2025\/06\/water_3-1024x683.jpeg 1024w, https:\/\/vattenindustrin.se\/wp-content\/uploads\/2025\/06\/water_3-768x512.jpeg 768w, https:\/\/vattenindustrin.se\/wp-content\/uploads\/2025\/06\/water_3-1536x1024.jpeg 1536w, https:\/\/vattenindustrin.se\/wp-content\/uploads\/2025\/06\/water_3-2048x1365.jpeg 2048w\" sizes=\"auto, (max-width: 1620px) 100vw, 1620px\" \/>\n    <div class=\"contained\">\n        <h1 class=\"tebab-block-hero__heading\">\n            Meeting point Water        <\/h1>\n\n                    <div class=\"tebab-block-hero__ingress p\" style=\"font-size:clamp(1.125rem, 1rem + 0.9vw, 1.5rem);color:#ffffff !important;\">\n                <p>See you again at M\u00f6tesplats Vatten on October 12-14, 2027.<\/p>\n            <\/div>\n        \n            <\/div>\n<\/section>\n\n\n\n<div style=\"height:100px\" aria-hidden=\"true\" class=\"wp-block-spacer\"><\/div>\n\n\n\n<h1 class=\"wp-block-heading\"><strong>See you at Sweden&#039;s largest<br><\/strong><strong>meeting place within <\/strong><strong>water<\/strong><\/h1>\n\n\n\n<h4 class=\"wp-block-heading\"><strong>The water industry together with the Swedish Exhibition and Congress organizes M\u00f6tesplats Vatten \u2013 Sweden&#039;s largest meeting place within water and sewage and an important arena for jointly meeting both today&#039;s and tomorrow&#039;s challenges.<\/strong><\/h4>\n\n\n\n<p>On October 12-14, 2027, the Swedish Exhibition and Congress Center in Gothenburg will next open its doors to an inspiring meeting place that offers an exhibition, conference, open stage program and activity areas. Among our exhibitors and at a conference filled with innovation and expertise, you will find the solutions that shape Sweden&#039;s future water supply.<\/p>\n\n\n\n<p>We live in a time of change and the transition to a circular and sustainable economy is in full swing. In this transition, the water and sanitation industry is central and needs greater efforts and more investments. This in turn requires an arena and an ecosystem where crucial ideas can grow. A place where good forces and new lessons can inspire and drive the change that is necessary for a sustainable future.<\/p>\n\n\n\n<p><em>We look forward to seeing you!<\/em><\/p>\n\n\n\n<div style=\"height:100px\" aria-hidden=\"true\" class=\"wp-block-spacer\"><\/div>\n\n\n<section  class=\"tebab-block-split_screen alignfull image_alignment-left\">\n    <div class=\"contained\">\n        <div class=\"tebab-block-split_screen__image-wrapper\">\n            <img loading=\"lazy\" decoding=\"async\" width=\"1000\" height=\"667\" src=\"https:\/\/vattenindustrin.se\/wp-content\/uploads\/2025\/10\/vatten2023_53332824477_o.jpg\" class=\"attachment-landscape size-landscape\" alt=\"\" srcset=\"https:\/\/vattenindustrin.se\/wp-content\/uploads\/2025\/10\/vatten2023_53332824477_o.jpg 1000w, https:\/\/vattenindustrin.se\/wp-content\/uploads\/2025\/10\/vatten2023_53332824477_o-300x200.jpg 300w, https:\/\/vattenindustrin.se\/wp-content\/uploads\/2025\/10\/vatten2023_53332824477_o-768x512.jpg 768w\" sizes=\"auto, (max-width: 1000px) 100vw, 1000px\" \/>        <\/div>\n\n        <div class=\"tebab-block-split_screen__content-wrapper\">\n            <h2><strong>Water Industry Stage Program<br \/>\n<\/strong><strong>at Meeting Point Water 2025<\/strong><\/h2>\n<p>During the Water Industry Meeting Place 2025, members of the Water Industry offered a very solid stage program on the Water Stage and generously shared their knowledge. The Water Stage was centrally located next to the Water Industry Living Room where the conversations could then continue.<\/p>\n<p>&nbsp;<\/p>\n\n                            <div class=\"tebab-block-split_screen__buttons\">\n                                            <a href=\"https:\/\/motesplatsvatten.se\/utstallning\/vattenscenen\/\" class=\"button styled\" target=\"1\" rel=\"noreferrer noopener\">Explore the stage program<\/a>\n                                    <\/div>\n            \n        <\/div>\n    <\/div>\n<\/section>\n\n\n<div style=\"height:100px\" aria-hidden=\"true\" class=\"wp-block-spacer\"><\/div>\n\n\n<section  class=\"tebab-block-split_screen alignfull image_alignment-right\">\n    <div class=\"contained\">\n        <div class=\"tebab-block-split_screen__image-wrapper\">\n            <img loading=\"lazy\" decoding=\"async\" width=\"1000\" height=\"667\" src=\"https:\/\/vattenindustrin.se\/wp-content\/uploads\/2025\/10\/vatten2023_53334052869_o.jpg\" class=\"attachment-landscape size-landscape\" alt=\"\" srcset=\"https:\/\/vattenindustrin.se\/wp-content\/uploads\/2025\/10\/vatten2023_53334052869_o.jpg 1000w, https:\/\/vattenindustrin.se\/wp-content\/uploads\/2025\/10\/vatten2023_53334052869_o-300x200.jpg 300w, https:\/\/vattenindustrin.se\/wp-content\/uploads\/2025\/10\/vatten2023_53334052869_o-768x512.jpg 768w\" sizes=\"auto, (max-width: 1000px) 100vw, 1000px\" \/>        <\/div>\n\n        <div class=\"tebab-block-split_screen__content-wrapper\">\n            <h2>After Fair in the Water Industry Living Room<\/h2>\n<p>As the first day of Vatten2025 drew to a close, the Water Industry invited the industry to an After Fair in the Water Industry living room. Guests had the opportunity to greet industry colleagues and network while summarizing the first day of the meeting place.<\/p>\n<p><b>Date &amp; time:\u00a0<\/b>October 21st at 4:00 PM-5:30 PM<br \/>\n<b>Place:\u00a0<\/b>The water industry&#039;s living room, Hall B, stand B07:32<br \/>\nFree of charge.<\/p>\n<p>&nbsp;<\/p>\n\n                            <div class=\"tebab-block-split_screen__buttons\">\n                                            <a href=\"https:\/\/vattenindustrin.ungapped.io\/Events\/062a7576-be42-4634-a920-2d1fc8809dfd\" class=\"button styled\" target=\"1\" rel=\"noreferrer noopener\">For registration (closed)<\/a>\n                                    <\/div>\n            \n        <\/div>\n    <\/div>\n<\/section>\n\n\n<div style=\"height:100px\" aria-hidden=\"true\" class=\"wp-block-spacer\"><\/div>\n\n\n<section  class=\"tebab-block-split_screen alignfull image_alignment-left\">\n    <div class=\"contained\">\n        <div class=\"tebab-block-split_screen__image-wrapper\">\n            <img loading=\"lazy\" decoding=\"async\" width=\"661\" height=\"750\" src=\"https:\/\/vattenindustrin.se\/wp-content\/uploads\/2025\/10\/vatten2023_53333702696_o-2.jpg\" class=\"attachment-landscape size-landscape\" alt=\"\" srcset=\"https:\/\/vattenindustrin.se\/wp-content\/uploads\/2025\/10\/vatten2023_53333702696_o-2.jpg 661w, https:\/\/vattenindustrin.se\/wp-content\/uploads\/2025\/10\/vatten2023_53333702696_o-2-264x300.jpg 264w\" sizes=\"auto, (max-width: 661px) 100vw, 661px\" \/>        <\/div>\n\n        <div class=\"tebab-block-split_screen__content-wrapper\">\n            <h2>About Meeting Place Water2025<\/h2>\n<h4 class=\"p1\"><strong>Who visits Vatten2025?<\/strong><\/h4>\n<p>Vatten2025 brings together a unique mix of players from all parts of the segment: public sector, industry, operations and maintenance. It creates an opportunity for employees at all levels to meet, exchange ideas and develop their knowledge of new technical and digital solutions.<\/p>\n<h4><strong>Why should you visit Vatten2025?<\/strong><\/h4>\n<p>We all know that times have changed. There is no turning back, and it is time for us to gather all the good forces and create the best conditions we can for a better future. Vatten2025 consists of a three-day conference, an exhibition and associated open stage programs &amp; activities, which together create an important meeting place for the water and water supply industry.<\/p>\n<h4><strong>Benefits as a member of the Water Industry<\/strong><\/h4>\n<p>As a full member of the Water Industry, you will receive a discount on the price per square meter of your stand as well as on services and products related to your participation. Remember to indicate that you are a member when you apply for a stand space.<\/p>\n<ul style=\"color: var(--color-body);\">\n<li>Exclusive member discounts on stand space, stand service and materials, and pre-booked hotel rooms at Gothia Towers<\/li>\n<li>Opportunity to participate in program councils<\/li>\n<li>Opportunity to influence the design of Meeting Place Water 2025<\/li>\n<\/ul>\n<p>&nbsp;<\/p>\n\n                            <div class=\"tebab-block-split_screen__buttons\">\n                                            <a href=\"https:\/\/motesplatsvatten.se\/\" class=\"button styled\" target=\"1\" rel=\"noreferrer noopener\">To Motesplatsvatten.se<\/a>\n                                    <\/div>\n            \n        <\/div>\n    <\/div>\n<\/section>\n\n\n<div style=\"height:100px\" aria-hidden=\"true\" class=\"wp-block-spacer\"><\/div>\n\n\n<section  class=\"tebab-block-split_screen alignfull image_alignment-right\">\n    <div class=\"contained\">\n        <div class=\"tebab-block-split_screen__image-wrapper\">\n            <img loading=\"lazy\" decoding=\"async\" width=\"1080\" height=\"1080\" src=\"https:\/\/vattenindustrin.se\/wp-content\/uploads\/2025\/10\/Panel_Vatten2023-Fotograf-NatalieGreppi-1280x1280-1-1080x1080.jpg\" class=\"attachment-landscape size-landscape\" alt=\"Panel vid M\u00f6tesplats Vatten2023. Fotograf: Natalie Greppi\" srcset=\"https:\/\/vattenindustrin.se\/wp-content\/uploads\/2025\/10\/Panel_Vatten2023-Fotograf-NatalieGreppi-1280x1280-1-1080x1080.jpg 1080w, https:\/\/vattenindustrin.se\/wp-content\/uploads\/2025\/10\/Panel_Vatten2023-Fotograf-NatalieGreppi-1280x1280-1-300x300.jpg 300w, https:\/\/vattenindustrin.se\/wp-content\/uploads\/2025\/10\/Panel_Vatten2023-Fotograf-NatalieGreppi-1280x1280-1-1024x1024.jpg 1024w, https:\/\/vattenindustrin.se\/wp-content\/uploads\/2025\/10\/Panel_Vatten2023-Fotograf-NatalieGreppi-1280x1280-1-150x150.jpg 150w, https:\/\/vattenindustrin.se\/wp-content\/uploads\/2025\/10\/Panel_Vatten2023-Fotograf-NatalieGreppi-1280x1280-1-768x768.jpg 768w, https:\/\/vattenindustrin.se\/wp-content\/uploads\/2025\/10\/Panel_Vatten2023-Fotograf-NatalieGreppi-1280x1280-1.jpg 1280w\" sizes=\"auto, (max-width: 1080px) 100vw, 1080px\" \/>        <\/div>\n\n        <div class=\"tebab-block-split_screen__content-wrapper\">\n            <h2>If:<br \/>\nMeeting point Water was established by the Water Industry with the Swedish Exhibition &amp; Congress 2023<\/h2>\n<p>In October 2023, the new Water Meeting Place was held for the first time, an initiative from the Water Industry in collaboration with the Swedish Exhibition and Congress Center in Gothenburg. Thanks to all participants and the nearly 6,000 visitors and a total of 9,400 people from the industry who made the three days a success.<\/p>\n\n            \n        <\/div>\n    <\/div>\n<\/section>\n\n\n<div style=\"height:100px\" aria-hidden=\"true\" class=\"wp-block-spacer\"><\/div>\n\n\n\n<p><\/p>","protected":false},"excerpt":{"rendered":"<p>Vi ses p\u00e5 Sveriges st\u00f6rstam\u00f6tesplats inom vatten Vattenindustrin tillsammans med Svenska M\u00e4ssan arrangerar M\u00f6tesplats Vatten &#8211; Sveriges st\u00f6rsta m\u00f6tesplats inom vatten och avlopp och en viktig arena f\u00f6r att gemensamt kunna m\u00f6ta b\u00e5de dagens och morgondagens utmaningar. Den 12-14 oktober 2027 \u00f6ppnar Svenska M\u00e4ssan i G\u00f6teborg n\u00e4sta g\u00e5ng upp d\u00f6rrarna till en inspirerande m\u00f6tesplats som [&hellip;]<\/p>\n","protected":false},"author":10,"featured_media":0,"parent":0,"menu_order":0,"comment_status":"closed","ping_status":"closed","template":"","meta":{"footnotes":""},"class_list":["post-2969832","page","type-page","status-publish","hentry"],"acf":[],"_links":{"self":[{"href":"https:\/\/vattenindustrin.se\/en\/wp-json\/wp\/v2\/pages\/2969832","targetHints":{"allow":["GET"]}}],"collection":[{"href":"https:\/\/vattenindustrin.se\/en\/wp-json\/wp\/v2\/pages"}],"about":[{"href":"https:\/\/vattenindustrin.se\/en\/wp-json\/wp\/v2\/types\/page"}],"author":[{"embeddable":true,"href":"https:\/\/vattenindustrin.se\/en\/wp-json\/wp\/v2\/users\/10"}],"replies":[{"embeddable":true,"href":"https:\/\/vattenindustrin.se\/en\/wp-json\/wp\/v2\/comments?post=2969832"}],"version-history":[{"count":20,"href":"https:\/\/vattenindustrin.se\/en\/wp-json\/wp\/v2\/pages\/2969832\/revisions"}],"predecessor-version":[{"id":2971205,"href":"https:\/\/vattenindustrin.se\/en\/wp-json\/wp\/v2\/pages\/2969832\/revisions\/2971205"}],"wp:attachment":[{"href":"https:\/\/vattenindustrin.se\/en\/wp-json\/wp\/v2\/media?parent=2969832"}],"curies":[{"name":"wp","href":"https:\/\/api.w.org\/{rel}","templated":true}]}}