{"id":2969809,"date":"2025-06-24T12:12:53","date_gmt":"2025-06-24T12:12:53","guid":{"rendered":"https:\/\/vattenindustrin.se\/?page_id=2969809"},"modified":"2026-04-13T21:36:26","modified_gmt":"2026-04-13T21:36:26","slug":"om-vattenindustrin","status":"publish","type":"page","link":"https:\/\/vattenindustrin.se\/en\/om-vattenindustrin\/","title":{"rendered":"About the Water Industry"},"content":{"rendered":"<figure class=\"wp-block-video alignfull hero-video\"><video height=\"1080\" style=\"aspect-ratio: 1920 \/ 1080;\" width=\"1920\" autoplay loop muted src=\"https:\/\/vattenindustrin.se\/wp-content\/uploads\/2025\/11\/ViarVattenindustrin2025_web_nosound.mp4\" playsinline><\/video><\/figure>\n\n\n\n<div style=\"height:40px\" aria-hidden=\"true\" class=\"wp-block-spacer\"><\/div>\n\n\n\n<div class=\"wp-block-columns alignwide is-layout-flex wp-container-core-columns-is-layout-9d6595d7 wp-block-columns-is-layout-flex\">\n<div class=\"wp-block-column is-layout-flow wp-block-column-is-layout-flow\" style=\"flex-basis:100%\">\n<div class=\"wp-block-group is-layout-constrained wp-block-group-is-layout-constrained\">\n<h2 class=\"wp-block-heading has-large-font-size\">Collective competence for<br>the water of the future.<\/h2>\n<\/div>\n<\/div>\n\n\n\n<div class=\"wp-block-column is-layout-flow wp-block-column-is-layout-flow\" style=\"flex-basis:100%\">\n<div class=\"wp-block-group is-layout-constrained wp-block-group-is-layout-constrained\">\n<h4 class=\"wp-block-heading\">The Swedish Water Industry is the trade association for consultants, contractors and product suppliers within water purification and water treatment. We work to create resilient and long-term solutions where members contribute innovation and expertise for sustainable solutions in a good business climate.<\/h4>\n\n\n\n<p>As the industry association, we clarify the contribution of member companies to ensuring a long-term and sustainable water and wastewater supply.<\/p>\n<\/div>\n<\/div>\n<\/div>\n\n\n\n<div style=\"height:40px\" aria-hidden=\"true\" class=\"wp-block-spacer\"><\/div>\n\n\n<section  class=\"tebab-block-split_screen alignfull image_alignment-left\">\n    <div class=\"contained\">\n        <div class=\"tebab-block-split_screen__image-wrapper\">\n            <img loading=\"lazy\" decoding=\"async\" width=\"1000\" height=\"750\" src=\"https:\/\/vattenindustrin.se\/wp-content\/uploads\/2025\/10\/vatten2023_53333702696_o.jpg\" class=\"attachment-landscape size-landscape\" alt=\"\" srcset=\"https:\/\/vattenindustrin.se\/wp-content\/uploads\/2025\/10\/vatten2023_53333702696_o.jpg 1000w, https:\/\/vattenindustrin.se\/wp-content\/uploads\/2025\/10\/vatten2023_53333702696_o-300x225.jpg 300w, https:\/\/vattenindustrin.se\/wp-content\/uploads\/2025\/10\/vatten2023_53333702696_o-768x576.jpg 768w\" sizes=\"auto, (max-width: 1000px) 100vw, 1000px\" \/>        <\/div>\n\n        <div class=\"tebab-block-split_screen__content-wrapper\">\n            <h2 class=\"page-title\">Good business climate and a meeting place for member companies<\/h2>\n<p><!-- wp:heading {\"level\":3} --><\/p>\n<p>The water industry works for a good business climate where actors in the water and sanitation industry can together find the best solution for the challenges we face with climate change, increased urbanization, capacity shortages and the need for new technology to meet updated requirements. Our member companies have many years of experience, broad expertise and offer cutting-edge technology.<\/p>\n<p>We represent the interests of our members towards legislators, authorities, water and sanitation authorities and other actors and organizations. Our overall goal is to strengthen the competitiveness of our members and the industry as a whole.<\/p>\n<p>&nbsp;<\/p>\n\n                            <div class=\"tebab-block-split_screen__buttons\">\n                                            <a href=\"https:\/\/vattenindustrin.se\/en\/medlemmar\/\" class=\"button primary\" target=\"\" rel=\"noreferrer\">Water industry members<\/a>\n                                    <\/div>\n            \n        <\/div>\n    <\/div>\n<\/section>\n\n\n<div style=\"height:40px\" aria-hidden=\"true\" class=\"wp-block-spacer\"><\/div>\n\n\n\n<blockquote class=\"wp-block-quote is-layout-flow wp-block-quote-is-layout-flow\">\n<blockquote class=\"wp-block-quote is-layout-flow wp-block-quote-is-layout-flow\">\n<h2 class=\"wp-block-heading has-large-font-size\">\u201d&quot;There are many reasons to be part of an industry organization. I think above all that it signals openness and generosity that everyone wins, which is to the benefit of our customers.&quot;.<\/h2>\n<\/blockquote>\n<\/blockquote>\n\n\n\n<p>Bo Tiderman, Airwatergreen<\/p>\n\n\n\n<div style=\"height:40px\" aria-hidden=\"true\" class=\"wp-block-spacer\"><\/div>\n\n\n<section  class=\"tebab-block-split_screen alignfull image_alignment-right\">\n    <div class=\"contained\">\n        <div class=\"tebab-block-split_screen__image-wrapper\">\n            <img loading=\"lazy\" decoding=\"async\" width=\"1000\" height=\"750\" src=\"https:\/\/vattenindustrin.se\/wp-content\/uploads\/2025\/06\/shutterstock_1998315893-1.jpg\" class=\"attachment-landscape size-landscape\" alt=\"\" srcset=\"https:\/\/vattenindustrin.se\/wp-content\/uploads\/2025\/06\/shutterstock_1998315893-1.jpg 1000w, https:\/\/vattenindustrin.se\/wp-content\/uploads\/2025\/06\/shutterstock_1998315893-1-300x225.jpg 300w, https:\/\/vattenindustrin.se\/wp-content\/uploads\/2025\/06\/shutterstock_1998315893-1-768x576.jpg 768w\" sizes=\"auto, (max-width: 1000px) 100vw, 1000px\" \/>        <\/div>\n\n        <div class=\"tebab-block-split_screen__content-wrapper\">\n            <h2 class=\"page-title\">The story of <span class=\"blue\">Water industry<\/span><\/h2>\n<p>The water industry was founded in 1967 under the name Varim. Since then, the association has developed into the business community&#039;s obvious trade organization for companies that contribute to ensuring a long-term and sustainable water and wastewater supply in Sweden.<\/p>\n<p>&nbsp;<\/p>\n\n                            <div class=\"tebab-block-split_screen__buttons\">\n                                            <a href=\"https:\/\/vattenindustrin.se\/en\/historien-om-vattenindustrin\/\" class=\"button primary\" target=\"\" rel=\"noreferrer\">Explore history<\/a>\n                                    <\/div>\n            \n        <\/div>\n    <\/div>\n<\/section>\n\n\n\n\n<div style=\"height:40px\" aria-hidden=\"true\" class=\"wp-block-spacer\"><\/div>\n\n\n\n<h2 class=\"wp-block-heading alignwide\">Water industry policy document<\/h2>\n\n\n\n<div style=\"height:20px\" aria-hidden=\"true\" class=\"wp-block-spacer\"><\/div>\n\n\n\n<div class=\"wp-block-columns alignwide is-layout-flex wp-container-core-columns-is-layout-9d6595d7 wp-block-columns-is-layout-flex\">\n<div class=\"wp-block-column is-layout-flow wp-block-column-is-layout-flow\">\n<section  class=\"tebab-block-text_columns alignfull\">\n\t<div class=\"contained\">\n\t\t<div class=\"columns\">\n\t\t\t\t\t\t\t<div class=\"column has-image\">\n\t\t\t\t\t \n\t\t\t\t\t\t<div class=\"image\">\n\t\t\t\t\t\t\t<img loading=\"lazy\" decoding=\"async\" width=\"1024\" height=\"576\" src=\"https:\/\/vattenindustrin.se\/wp-content\/uploads\/2026\/04\/stadgar-1024x576-1.jpg\" class=\"attachment-large size-large\" alt=\"\" srcset=\"https:\/\/vattenindustrin.se\/wp-content\/uploads\/2026\/04\/stadgar-1024x576-1.jpg 1024w, https:\/\/vattenindustrin.se\/wp-content\/uploads\/2026\/04\/stadgar-1024x576-1-300x169.jpg 300w, https:\/\/vattenindustrin.se\/wp-content\/uploads\/2026\/04\/stadgar-1024x576-1-768x432.jpg 768w, https:\/\/vattenindustrin.se\/wp-content\/uploads\/2026\/04\/stadgar-1024x576-1-18x10.jpg 18w\" sizes=\"auto, (max-width: 1024px) 100vw, 1024px\" \/>\t\t\t\t\t\t<\/div>\n\t\t\t\t\t\t\t\t\t\t<div class=\"content\">\n\t\t\t\t\t\t<h3 class=\"column-title\">Statutes<\/h3>\n\t\t\t\t\t\t<p class=\"column-text\">Here you can read the Water Industry Statutes.<\/p>\n\t\t\t\t\t\t\t\t\t\t\t\t\t<a href=\"\/en\/stadgar\/\" class=\"column-link button\">\n\t\t\t\t\t\t\t\tRead more\t\t\t\t\t\t\t<\/a>\n\t\t\t\t\t\t\t\t\t\t\t<\/div>\n\t\t\t\t<\/div>\n\t\t\t\t\t\t\t<div class=\"column has-image\">\n\t\t\t\t\t \n\t\t\t\t\t\t<div class=\"image\">\n\t\t\t\t\t\t\t<img loading=\"lazy\" decoding=\"async\" width=\"1024\" height=\"576\" src=\"https:\/\/vattenindustrin.se\/wp-content\/uploads\/2026\/04\/handshake.jpg\" class=\"attachment-large size-large\" alt=\"\" srcset=\"https:\/\/vattenindustrin.se\/wp-content\/uploads\/2026\/04\/handshake.jpg 1024w, https:\/\/vattenindustrin.se\/wp-content\/uploads\/2026\/04\/handshake-300x169.jpg 300w, https:\/\/vattenindustrin.se\/wp-content\/uploads\/2026\/04\/handshake-768x432.jpg 768w, https:\/\/vattenindustrin.se\/wp-content\/uploads\/2026\/04\/handshake-18x10.jpg 18w\" sizes=\"auto, (max-width: 1024px) 100vw, 1024px\" \/>\t\t\t\t\t\t<\/div>\n\t\t\t\t\t\t\t\t\t\t<div class=\"content\">\n\t\t\t\t\t\t<h3 class=\"column-title\">Code of Conduct<\/h3>\n\t\t\t\t\t\t<p class=\"column-text\">The water industry actively promotes transparent and competitively neutral operations in accordance with this code of conduct.<\/p>\n\t\t\t\t\t\t\t\t\t\t\t\t\t<a href=\"\/en\/uppforandekod\/\" class=\"column-link button\">\n\t\t\t\t\t\t\t\tRead more\t\t\t\t\t\t\t<\/a>\n\t\t\t\t\t\t\t\t\t\t\t<\/div>\n\t\t\t\t<\/div>\n\t\t\t\t\t<\/div>\n\t<\/div>\n<\/section><\/div>\n\n\n\n<div class=\"wp-block-column is-layout-flow wp-block-column-is-layout-flow\">\n<section  class=\"tebab-block-text_columns alignfull\">\n\t<div class=\"contained\">\n\t\t<div class=\"columns\">\n\t\t\t\t\t\t\t<div class=\"column has-image\">\n\t\t\t\t\t \n\t\t\t\t\t\t<div class=\"image\">\n\t\t\t\t\t\t\t<img loading=\"lazy\" decoding=\"async\" width=\"1024\" height=\"576\" src=\"https:\/\/vattenindustrin.se\/wp-content\/uploads\/2026\/04\/privacy.jpg\" class=\"attachment-large size-large\" alt=\"\" srcset=\"https:\/\/vattenindustrin.se\/wp-content\/uploads\/2026\/04\/privacy.jpg 1024w, https:\/\/vattenindustrin.se\/wp-content\/uploads\/2026\/04\/privacy-300x169.jpg 300w, https:\/\/vattenindustrin.se\/wp-content\/uploads\/2026\/04\/privacy-768x432.jpg 768w, https:\/\/vattenindustrin.se\/wp-content\/uploads\/2026\/04\/privacy-18x10.jpg 18w\" sizes=\"auto, (max-width: 1024px) 100vw, 1024px\" \/>\t\t\t\t\t\t<\/div>\n\t\t\t\t\t\t\t\t\t\t<div class=\"content\">\n\t\t\t\t\t\t<h3 class=\"column-title\">Privacy Policy<\/h3>\n\t\t\t\t\t\t<p class=\"column-text\">The water industry protects your personal privacy and always strives for a high level of data protection.<\/p>\n\t\t\t\t\t\t\t\t\t\t\t\t\t<a href=\"\/en\/personuppgiftspolicy\/\" class=\"column-link button\">\n\t\t\t\t\t\t\t\tRead more\t\t\t\t\t\t\t<\/a>\n\t\t\t\t\t\t\t\t\t\t\t<\/div>\n\t\t\t\t<\/div>\n\t\t\t\t\t\t\t<div class=\"column has-image\">\n\t\t\t\t\t \n\t\t\t\t\t\t<div class=\"image\">\n\t\t\t\t\t\t\t<img loading=\"lazy\" decoding=\"async\" width=\"1024\" height=\"576\" src=\"https:\/\/vattenindustrin.se\/wp-content\/uploads\/2026\/04\/hallbarhet.jpg\" class=\"attachment-large size-large\" alt=\"\" srcset=\"https:\/\/vattenindustrin.se\/wp-content\/uploads\/2026\/04\/hallbarhet.jpg 1024w, https:\/\/vattenindustrin.se\/wp-content\/uploads\/2026\/04\/hallbarhet-300x169.jpg 300w, https:\/\/vattenindustrin.se\/wp-content\/uploads\/2026\/04\/hallbarhet-768x432.jpg 768w, https:\/\/vattenindustrin.se\/wp-content\/uploads\/2026\/04\/hallbarhet-18x10.jpg 18w\" sizes=\"auto, (max-width: 1024px) 100vw, 1024px\" \/>\t\t\t\t\t\t<\/div>\n\t\t\t\t\t\t\t\t\t\t<div class=\"content\">\n\t\t\t\t\t\t<h3 class=\"column-title\">Sustainability policy<\/h3>\n\t\t\t\t\t\t<p class=\"column-text\">The water industry works to promote sustainable business practices and support a transition to a more sustainable future.<\/p>\n\t\t\t\t\t\t\t\t\t\t\t\t\t<a href=\"\/en\/hallbarhetspolicy\/\" class=\"column-link button\">\n\t\t\t\t\t\t\t\tRead more\t\t\t\t\t\t\t<\/a>\n\t\t\t\t\t\t\t\t\t\t\t<\/div>\n\t\t\t\t<\/div>\n\t\t\t\t\t<\/div>\n\t<\/div>\n<\/section><\/div>\n<\/div>\n\n\n\n<div style=\"height:60px\" aria-hidden=\"true\" class=\"wp-block-spacer\"><\/div>\n\n\n\n<p><\/p>","protected":false},"excerpt":{"rendered":"<p>Samlad kompetens f\u00f6rframtidens vatten. Vattenindustrin \u00e4r branschorganisationen f\u00f6r konsulter, entrepren\u00f6rer och produktleverant\u00f6rer inom vattenrening och vattenbehandling. Vi arbetar f\u00f6r att skapa resilienta och l\u00e5ngsiktiga l\u00f6sningar d\u00e4r medlemmarna bidrar med innovation och kompetens f\u00f6r h\u00e5llbara l\u00f6sningar i ett gott aff\u00e4rsklimat. Som n\u00e4ringslivets branschorganisation tydligg\u00f6r vi medlemsf\u00f6retagens bidrag till att s\u00e4kerst\u00e4lla en l\u00e5ngsiktig och h\u00e5llbar vatten- och [&hellip;]<\/p>\n","protected":false},"author":10,"featured_media":0,"parent":0,"menu_order":0,"comment_status":"closed","ping_status":"closed","template":"","meta":{"footnotes":""},"class_list":["post-2969809","page","type-page","status-publish","hentry"],"acf":[],"_links":{"self":[{"href":"https:\/\/vattenindustrin.se\/en\/wp-json\/wp\/v2\/pages\/2969809","targetHints":{"allow":["GET"]}}],"collection":[{"href":"https:\/\/vattenindustrin.se\/en\/wp-json\/wp\/v2\/pages"}],"about":[{"href":"https:\/\/vattenindustrin.se\/en\/wp-json\/wp\/v2\/types\/page"}],"author":[{"embeddable":true,"href":"https:\/\/vattenindustrin.se\/en\/wp-json\/wp\/v2\/users\/10"}],"replies":[{"embeddable":true,"href":"https:\/\/vattenindustrin.se\/en\/wp-json\/wp\/v2\/comments?post=2969809"}],"version-history":[{"count":46,"href":"https:\/\/vattenindustrin.se\/en\/wp-json\/wp\/v2\/pages\/2969809\/revisions"}],"predecessor-version":[{"id":2971900,"href":"https:\/\/vattenindustrin.se\/en\/wp-json\/wp\/v2\/pages\/2969809\/revisions\/2971900"}],"wp:attachment":[{"href":"https:\/\/vattenindustrin.se\/en\/wp-json\/wp\/v2\/media?parent=2969809"}],"curies":[{"name":"wp","href":"https:\/\/api.w.org\/{rel}","templated":true}]}}