{"id":2969806,"date":"2025-06-24T12:06:06","date_gmt":"2025-06-24T12:06:06","guid":{"rendered":"https:\/\/vattenindustrin.se\/?page_id=2969806"},"modified":"2026-04-01T18:20:00","modified_gmt":"2026-04-01T18:20:00","slug":"fokusomraden","status":"publish","type":"page","link":"https:\/\/vattenindustrin.se\/en\/fokusomraden\/","title":{"rendered":"Focus areas"},"content":{"rendered":"<style>\n    \/* Se till att inneh?llet i ingressen anv?nder den storlek & f?rg vi s?tter p? wrappern *\/\n    .tebab-block-hero__ingress p,\n    .tebab-block-hero__ingress a,\n    .tebab-block-hero__ingress strong,\n    .tebab-block-hero__ingress em {\n        color: inherit !important;\n        font-size: inherit !important;\n        line-height: inherit;\n    }\n<\/style>\n\n<section\n        class=\"tebab-block-hero alignfull\"\n    style=\"--heading-color: #00354e;\"\n>\n    <img loading=\"lazy\" decoding=\"async\" width=\"1620\" height=\"1080\" src=\"https:\/\/vattenindustrin.se\/wp-content\/uploads\/2025\/06\/thomas-vimare-IZ01rjX0XQA-unsplash-1620x1080.jpg\" class=\"attachment-landscape size-landscape\" alt=\"\" srcset=\"https:\/\/vattenindustrin.se\/wp-content\/uploads\/2025\/06\/thomas-vimare-IZ01rjX0XQA-unsplash-1620x1080.jpg 1620w, https:\/\/vattenindustrin.se\/wp-content\/uploads\/2025\/06\/thomas-vimare-IZ01rjX0XQA-unsplash-300x200.jpg 300w, https:\/\/vattenindustrin.se\/wp-content\/uploads\/2025\/06\/thomas-vimare-IZ01rjX0XQA-unsplash-1024x683.jpg 1024w, https:\/\/vattenindustrin.se\/wp-content\/uploads\/2025\/06\/thomas-vimare-IZ01rjX0XQA-unsplash-768x512.jpg 768w, https:\/\/vattenindustrin.se\/wp-content\/uploads\/2025\/06\/thomas-vimare-IZ01rjX0XQA-unsplash-1536x1024.jpg 1536w, https:\/\/vattenindustrin.se\/wp-content\/uploads\/2025\/06\/thomas-vimare-IZ01rjX0XQA-unsplash-2048x1365.jpg 2048w\" sizes=\"auto, (max-width: 1620px) 100vw, 1620px\" \/>\n    <div class=\"contained\">\n        <h1 class=\"tebab-block-hero__heading\">\n            The water industry&#039;s operations focus on the following areas.        <\/h1>\n\n        \n                    <div class=\"tebab-block-hero__buttons\">\n                                    <a href=\"\/en\/digitalisering\/\"\n                       class=\"button styled\"\n                       target=\"1\"\n                       rel=\"noreferrer\">\n                        Digitalization                    <\/a>\n                                    <a href=\"\/en\/kemikalier\/\"\n                       class=\"button styled\"\n                       target=\"1\"\n                       rel=\"noreferrer\">\n                        Chemicals                    <\/a>\n                                    <a href=\"\/en\/klimat-hallbarhet\/\"\n                       class=\"button styled\"\n                       target=\"1\"\n                       rel=\"noreferrer\">\n                        Climate &amp; sustainability                    <\/a>\n                                    <a href=\"\/en\/nextgeneration\/\"\n                       class=\"button styled\"\n                       target=\"1\"\n                       rel=\"noreferrer\">\n                        Skills supply                    <\/a>\n                                    <a href=\"\/en\/motesplatser\/\"\n                       class=\"button styled\"\n                       target=\"1\"\n                       rel=\"noreferrer\">\n                        Meeting places &amp; networks                    <\/a>\n                                    <a href=\"\/en\/dialog-samverkan-vid-upphandling\/\"\n                       class=\"button styled\"\n                       target=\"1\"\n                       rel=\"noreferrer\">\n                        Procurement                    <\/a>\n                                    <a href=\"\/en\/sakerhet-beredskap\/\"\n                       class=\"button styled\"\n                       target=\"1\"\n                       rel=\"noreferrer\">\n                        Safety &amp; preparedness                    <\/a>\n                            <\/div>\n            <\/div>\n<\/section>\n\n\n\n<div style=\"height:60px\" aria-hidden=\"true\" class=\"wp-block-spacer\"><\/div>\n\n\n\n<div class=\"wp-block-columns alignwide is-layout-flex wp-container-core-columns-is-layout-9d6595d7 wp-block-columns-is-layout-flex\">\n<div class=\"wp-block-column is-layout-flow wp-block-column-is-layout-flow\" style=\"flex-basis:100%\">\n<div class=\"wp-block-group is-layout-constrained wp-block-group-is-layout-constrained\">\n<h2 class=\"wp-block-heading has-large-font-size\"><strong>A continuous exchange of experience takes place within the Water Industry&#039;s various focus areas.<\/strong><\/h2>\n<\/div>\n<\/div>\n\n\n\n<div class=\"wp-block-column is-layout-flow wp-block-column-is-layout-flow\" style=\"flex-basis:100%\">\n<div class=\"wp-block-group is-layout-constrained wp-block-group-is-layout-constrained\">\n<h4 class=\"wp-block-heading\">Through collaboration, we create resilient and climate-adapted societies. Therefore, knowledge exchange within the focus groups is an important part of the Water Industry&#039;s core business. This is where ideas and projects are realized.&nbsp;<\/h4>\n\n\n\n<p>Some of our most important joint projects are: <strong>Meeting point Water<\/strong> and the Water Industry <strong>FORUM26<\/strong>.&nbsp;<\/p>\n\n\n\n<p>The Water Industry Internship Program was launched in 2024 and here we show the path to water as an attractive industry for those who want to work with sustainability, new technology and feel that their work is important and makes a difference.<\/p>\n\n\n\n<p>To create a better business climate and facilitate the implementation of projects, we have collected guidelines and tips for those of you who are going to procure with the aim of improving the market without worsening competition.<\/p>\n<\/div>\n<\/div>\n<\/div>\n\n\n\n<div style=\"height:60px\" aria-hidden=\"true\" class=\"wp-block-spacer\"><\/div>\n\n\n<section  class=\"tebab-block-posts_carousel alignwide type-focus_area\">\n            <h2>Focus areas<\/h2>\n    \n            <div class=\"carousel-wrapper\">\n                                            <div class=\"focus-area-card\">\n    \n            <div class=\"featured_image\">\n            <img loading=\"lazy\" decoding=\"async\" width=\"1024\" height=\"629\" src=\"https:\/\/vattenindustrin.se\/wp-content\/uploads\/2025\/06\/conny-schneider-s8JOKMUiyo4-unsplash-1024x629.jpg\" class=\"attachment-large size-large\" alt=\"\" srcset=\"https:\/\/vattenindustrin.se\/wp-content\/uploads\/2025\/06\/conny-schneider-s8JOKMUiyo4-unsplash-1024x629.jpg 1024w, https:\/\/vattenindustrin.se\/wp-content\/uploads\/2025\/06\/conny-schneider-s8JOKMUiyo4-unsplash-300x184.jpg 300w, https:\/\/vattenindustrin.se\/wp-content\/uploads\/2025\/06\/conny-schneider-s8JOKMUiyo4-unsplash-768x472.jpg 768w, https:\/\/vattenindustrin.se\/wp-content\/uploads\/2025\/06\/conny-schneider-s8JOKMUiyo4-unsplash-1536x944.jpg 1536w, https:\/\/vattenindustrin.se\/wp-content\/uploads\/2025\/06\/conny-schneider-s8JOKMUiyo4-unsplash-2048x1258.jpg 2048w, https:\/\/vattenindustrin.se\/wp-content\/uploads\/2025\/06\/conny-schneider-s8JOKMUiyo4-unsplash-1758x1080.jpg 1758w\" sizes=\"auto, (max-width: 1024px) 100vw, 1024px\" \/>        <\/div>\n    \n    <div class=\"content-wrapper\">\n        <h3><a tabindex=\"-1\" href=\"https:\/\/vattenindustrin.se\/en\/fokusomraden\/digitalisering\/\">Digitalization<\/a><\/h3>\n\n        \n        <a class=\"read-more\" href=\"https:\/\/vattenindustrin.se\/en\/fokusomraden\/digitalisering\/\">Read more<span class=\"screenreader\"> about Digitalization<\/span><div class=\"icon-chevron-right\"><\/div><\/a>\n    <\/div>\n<\/div>                                            <div class=\"focus-area-card\">\n    \n            <div class=\"featured_image\">\n            <img loading=\"lazy\" decoding=\"async\" width=\"1024\" height=\"683\" src=\"https:\/\/vattenindustrin.se\/wp-content\/uploads\/2025\/06\/anders-jilden-uwbajDCODj4-unsplash-1536x1024-1-1024x683.jpg\" class=\"attachment-large size-large\" alt=\"\" srcset=\"https:\/\/vattenindustrin.se\/wp-content\/uploads\/2025\/06\/anders-jilden-uwbajDCODj4-unsplash-1536x1024-1-1024x683.jpg 1024w, https:\/\/vattenindustrin.se\/wp-content\/uploads\/2025\/06\/anders-jilden-uwbajDCODj4-unsplash-1536x1024-1-300x200.jpg 300w, https:\/\/vattenindustrin.se\/wp-content\/uploads\/2025\/06\/anders-jilden-uwbajDCODj4-unsplash-1536x1024-1-768x512.jpg 768w, https:\/\/vattenindustrin.se\/wp-content\/uploads\/2025\/06\/anders-jilden-uwbajDCODj4-unsplash-1536x1024-1.jpg 1536w\" sizes=\"auto, (max-width: 1024px) 100vw, 1024px\" \/>        <\/div>\n    \n    <div class=\"content-wrapper\">\n        <h3><a tabindex=\"-1\" href=\"https:\/\/vattenindustrin.se\/en\/fokusomraden\/kemikalierfor-renare-vatten\/\">Chemicals for cleaner water<\/a><\/h3>\n\n        \n        <a class=\"read-more\" href=\"https:\/\/vattenindustrin.se\/en\/fokusomraden\/kemikalierfor-renare-vatten\/\">Read more<span class=\"screenreader\"> about Chemicals for cleaner water<\/span><div class=\"icon-chevron-right\"><\/div><\/a>\n    <\/div>\n<\/div>                                            <div class=\"focus-area-card\">\n    \n            <div class=\"featured_image\">\n            <img loading=\"lazy\" decoding=\"async\" width=\"1000\" height=\"667\" src=\"https:\/\/vattenindustrin.se\/wp-content\/uploads\/2025\/10\/AdobeStock_463864820.jpeg\" class=\"attachment-large size-large\" alt=\"\" srcset=\"https:\/\/vattenindustrin.se\/wp-content\/uploads\/2025\/10\/AdobeStock_463864820.jpeg 1000w, https:\/\/vattenindustrin.se\/wp-content\/uploads\/2025\/10\/AdobeStock_463864820-300x200.jpeg 300w, https:\/\/vattenindustrin.se\/wp-content\/uploads\/2025\/10\/AdobeStock_463864820-768x512.jpeg 768w, https:\/\/vattenindustrin.se\/wp-content\/uploads\/2025\/10\/AdobeStock_463864820-18x12.jpeg 18w\" sizes=\"auto, (max-width: 1000px) 100vw, 1000px\" \/>        <\/div>\n    \n    <div class=\"content-wrapper\">\n        <h3><a tabindex=\"-1\" href=\"https:\/\/vattenindustrin.se\/en\/fokusomraden\/klimat-hallbarhet\/\">Climate &amp; sustainability<\/a><\/h3>\n\n        \n        <a class=\"read-more\" href=\"https:\/\/vattenindustrin.se\/en\/fokusomraden\/klimat-hallbarhet\/\">Read more<span class=\"screenreader\"> about Climate &amp; sustainability<\/span><div class=\"icon-chevron-right\"><\/div><\/a>\n    <\/div>\n<\/div>                                            <div class=\"focus-area-card\">\n    \n            <div class=\"featured_image\">\n            <img loading=\"lazy\" decoding=\"async\" width=\"1000\" height=\"333\" src=\"https:\/\/vattenindustrin.se\/wp-content\/uploads\/2025\/10\/63d1247131434f328069f10c_fotograf_maja_brand_bredda_bilden_teknikfo_retagen_23.jpg\" class=\"attachment-large size-large\" alt=\"\" srcset=\"https:\/\/vattenindustrin.se\/wp-content\/uploads\/2025\/10\/63d1247131434f328069f10c_fotograf_maja_brand_bredda_bilden_teknikfo_retagen_23.jpg 1000w, https:\/\/vattenindustrin.se\/wp-content\/uploads\/2025\/10\/63d1247131434f328069f10c_fotograf_maja_brand_bredda_bilden_teknikfo_retagen_23-300x100.jpg 300w, https:\/\/vattenindustrin.se\/wp-content\/uploads\/2025\/10\/63d1247131434f328069f10c_fotograf_maja_brand_bredda_bilden_teknikfo_retagen_23-768x256.jpg 768w, https:\/\/vattenindustrin.se\/wp-content\/uploads\/2025\/10\/63d1247131434f328069f10c_fotograf_maja_brand_bredda_bilden_teknikfo_retagen_23-18x6.jpg 18w\" sizes=\"auto, (max-width: 1000px) 100vw, 1000px\" \/>        <\/div>\n    \n    <div class=\"content-wrapper\">\n        <h3><a tabindex=\"-1\" href=\"https:\/\/vattenindustrin.se\/en\/fokusomraden\/nextgeneration\/\">Skills supply<\/a><\/h3>\n\n        \n        <a class=\"read-more\" href=\"https:\/\/vattenindustrin.se\/en\/fokusomraden\/nextgeneration\/\">Read more<span class=\"screenreader\"> about Skills Supply<\/span><div class=\"icon-chevron-right\"><\/div><\/a>\n    <\/div>\n<\/div>                                            <div class=\"focus-area-card\">\n    \n            <div class=\"featured_image\">\n            <img loading=\"lazy\" decoding=\"async\" width=\"799\" height=\"533\" src=\"https:\/\/vattenindustrin.se\/wp-content\/uploads\/2025\/07\/53344009094_55bc116c2e_c.jpg\" class=\"attachment-large size-large\" alt=\"M\u00f6tesplats Vatten 2023 p\u00e5 Svenska M\u00e4ssan i G\u00f6teborg.\" srcset=\"https:\/\/vattenindustrin.se\/wp-content\/uploads\/2025\/07\/53344009094_55bc116c2e_c.jpg 799w, https:\/\/vattenindustrin.se\/wp-content\/uploads\/2025\/07\/53344009094_55bc116c2e_c-300x200.jpg 300w, https:\/\/vattenindustrin.se\/wp-content\/uploads\/2025\/07\/53344009094_55bc116c2e_c-768x512.jpg 768w\" sizes=\"auto, (max-width: 799px) 100vw, 799px\" \/>        <\/div>\n    \n    <div class=\"content-wrapper\">\n        <h3><a tabindex=\"-1\" href=\"https:\/\/vattenindustrin.se\/en\/fokusomraden\/motesplatser\/\">Meeting places &amp; networks<\/a><\/h3>\n\n        \n        <a class=\"read-more\" href=\"https:\/\/vattenindustrin.se\/en\/fokusomraden\/motesplatser\/\">Read more<span class=\"screenreader\"> about Meeting places &amp; networks<\/span><div class=\"icon-chevron-right\"><\/div><\/a>\n    <\/div>\n<\/div>                                            <div class=\"focus-area-card\">\n    \n            <div class=\"featured_image\">\n            <img loading=\"lazy\" decoding=\"async\" width=\"866\" height=\"579\" src=\"https:\/\/vattenindustrin.se\/wp-content\/uploads\/2025\/07\/shutterstock_1713010906-2.jpg\" class=\"attachment-large size-large\" alt=\"\" srcset=\"https:\/\/vattenindustrin.se\/wp-content\/uploads\/2025\/07\/shutterstock_1713010906-2.jpg 866w, https:\/\/vattenindustrin.se\/wp-content\/uploads\/2025\/07\/shutterstock_1713010906-2-300x201.jpg 300w, https:\/\/vattenindustrin.se\/wp-content\/uploads\/2025\/07\/shutterstock_1713010906-2-768x513.jpg 768w\" sizes=\"auto, (max-width: 866px) 100vw, 866px\" \/>        <\/div>\n    \n    <div class=\"content-wrapper\">\n        <h3><a tabindex=\"-1\" href=\"https:\/\/vattenindustrin.se\/en\/fokusomraden\/dialog-samverkan-vid-upphandling\/\">Procurement<\/a><\/h3>\n\n        \n        <a class=\"read-more\" href=\"https:\/\/vattenindustrin.se\/en\/fokusomraden\/dialog-samverkan-vid-upphandling\/\">Read more<span class=\"screenreader\"> about Procurement<\/span><div class=\"icon-chevron-right\"><\/div><\/a>\n    <\/div>\n<\/div>                                            <div class=\"focus-area-card\">\n    \n            <div class=\"featured_image\">\n            <img loading=\"lazy\" decoding=\"async\" width=\"1024\" height=\"683\" src=\"https:\/\/vattenindustrin.se\/wp-content\/uploads\/2025\/06\/markus-spiske-gcgves5H_Ac-unsplash-1024x683.jpg\" class=\"attachment-large size-large\" alt=\"\" srcset=\"https:\/\/vattenindustrin.se\/wp-content\/uploads\/2025\/06\/markus-spiske-gcgves5H_Ac-unsplash-1024x683.jpg 1024w, https:\/\/vattenindustrin.se\/wp-content\/uploads\/2025\/06\/markus-spiske-gcgves5H_Ac-unsplash-300x200.jpg 300w, https:\/\/vattenindustrin.se\/wp-content\/uploads\/2025\/06\/markus-spiske-gcgves5H_Ac-unsplash-768x512.jpg 768w, https:\/\/vattenindustrin.se\/wp-content\/uploads\/2025\/06\/markus-spiske-gcgves5H_Ac-unsplash-1536x1024.jpg 1536w, https:\/\/vattenindustrin.se\/wp-content\/uploads\/2025\/06\/markus-spiske-gcgves5H_Ac-unsplash-2048x1365.jpg 2048w, https:\/\/vattenindustrin.se\/wp-content\/uploads\/2025\/06\/markus-spiske-gcgves5H_Ac-unsplash-1620x1080.jpg 1620w\" sizes=\"auto, (max-width: 1024px) 100vw, 1024px\" \/>        <\/div>\n    \n    <div class=\"content-wrapper\">\n        <h3><a tabindex=\"-1\" href=\"https:\/\/vattenindustrin.se\/en\/fokusomraden\/sakerhet-beredskap\/\">Safety &amp; preparedness<\/a><\/h3>\n\n        \n        <a class=\"read-more\" href=\"https:\/\/vattenindustrin.se\/en\/fokusomraden\/sakerhet-beredskap\/\">Read more<span class=\"screenreader\"> about Security &amp; preparedness<\/span><div class=\"icon-chevron-right\"><\/div><\/a>\n    <\/div>\n<\/div>                                <\/div>\n    \n<\/section>\n\n\n<div style=\"height:100px\" aria-hidden=\"true\" class=\"wp-block-spacer\"><\/div>","protected":false},"excerpt":{"rendered":"<p>Ett kontinuerligt erfarenhetsutbyte sker inom Vattenindustrins olika fokusomr\u00e5den. Genom samverkan skapar vi resilienta och klimatanpassade samh\u00e4llen. D\u00e4rf\u00f6r \u00e4r kunskapsutbytet inom fokusgrupperna en viktig del av Vattenindustrins k\u00e4rnverksamhet. H\u00e4r realiseras id\u00e9er och projekt.&nbsp; N\u00e5gra av v\u00e5ra viktigaste gemensamma projekt \u00e4r M\u00f6tesplats Vatten och Vattenindustrin FORUM26.&nbsp; Vattenindustrin Internship Program lanserades 2024 och h\u00e4r visar vi v\u00e4gen till [&hellip;]<\/p>\n","protected":false},"author":10,"featured_media":0,"parent":0,"menu_order":0,"comment_status":"closed","ping_status":"closed","template":"","meta":{"footnotes":""},"class_list":["post-2969806","page","type-page","status-publish","hentry"],"acf":[],"_links":{"self":[{"href":"https:\/\/vattenindustrin.se\/en\/wp-json\/wp\/v2\/pages\/2969806","targetHints":{"allow":["GET"]}}],"collection":[{"href":"https:\/\/vattenindustrin.se\/en\/wp-json\/wp\/v2\/pages"}],"about":[{"href":"https:\/\/vattenindustrin.se\/en\/wp-json\/wp\/v2\/types\/page"}],"author":[{"embeddable":true,"href":"https:\/\/vattenindustrin.se\/en\/wp-json\/wp\/v2\/users\/10"}],"replies":[{"embeddable":true,"href":"https:\/\/vattenindustrin.se\/en\/wp-json\/wp\/v2\/comments?post=2969806"}],"version-history":[{"count":20,"href":"https:\/\/vattenindustrin.se\/en\/wp-json\/wp\/v2\/pages\/2969806\/revisions"}],"predecessor-version":[{"id":2971612,"href":"https:\/\/vattenindustrin.se\/en\/wp-json\/wp\/v2\/pages\/2969806\/revisions\/2971612"}],"wp:attachment":[{"href":"https:\/\/vattenindustrin.se\/en\/wp-json\/wp\/v2\/media?parent=2969806"}],"curies":[{"name":"wp","href":"https:\/\/api.w.org\/{rel}","templated":true}]}}