{"id":2969802,"date":"2025-06-24T12:02:37","date_gmt":"2025-06-24T12:02:37","guid":{"rendered":"https:\/\/vattenindustrin.se\/?page_id=2969802"},"modified":"2026-04-02T13:58:09","modified_gmt":"2026-04-02T13:58:09","slug":"jobba-med-vatten","status":"publish","type":"page","link":"https:\/\/vattenindustrin.se\/en\/jobba-med-vatten\/","title":{"rendered":"Working with water"},"content":{"rendered":"<style>\n    \/* Se till att inneh?llet i ingressen anv?nder den storlek & f?rg vi s?tter p? wrappern *\/\n    .tebab-block-hero__ingress p,\n    .tebab-block-hero__ingress a,\n    .tebab-block-hero__ingress strong,\n    .tebab-block-hero__ingress em {\n        color: inherit !important;\n        font-size: inherit !important;\n        line-height: inherit;\n    }\n<\/style>\n\n<section\n        class=\"tebab-block-hero alignfull\"\n    style=\"--heading-color: #00354e;\"\n>\n    <img loading=\"lazy\" decoding=\"async\" width=\"1234\" height=\"597\" src=\"https:\/\/vattenindustrin.se\/wp-content\/uploads\/2025\/11\/Kunskapsbank3.jpg\" class=\"attachment-landscape size-landscape\" alt=\"\" srcset=\"https:\/\/vattenindustrin.se\/wp-content\/uploads\/2025\/11\/Kunskapsbank3.jpg 1234w, https:\/\/vattenindustrin.se\/wp-content\/uploads\/2025\/11\/Kunskapsbank3-300x145.jpg 300w, https:\/\/vattenindustrin.se\/wp-content\/uploads\/2025\/11\/Kunskapsbank3-1024x495.jpg 1024w, https:\/\/vattenindustrin.se\/wp-content\/uploads\/2025\/11\/Kunskapsbank3-768x372.jpg 768w, https:\/\/vattenindustrin.se\/wp-content\/uploads\/2025\/11\/Kunskapsbank3-18x9.jpg 18w\" sizes=\"auto, (max-width: 1234px) 100vw, 1234px\" \/>\n    <div class=\"contained\">\n        <h1 class=\"tebab-block-hero__heading\">\n            The Road to the Water Industry        <\/h1>\n\n                    <div class=\"tebab-block-hero__ingress p\" style=\"font-size:clamp(1.125rem, 1rem + 0.9vw, 1.5rem);color:#00354e !important;\">\n                <p class=\"vc_custom_heading section-heading\">Do you want a career in a socially critical function where you can make a difference?<br \/>\nWelcome to the Water Industry!<\/p>\n            <\/div>\n        \n            <\/div>\n<\/section>\n\n\n\n<div style=\"height:100px\" aria-hidden=\"true\" class=\"wp-block-spacer\"><\/div>\n\n\n\n<div class=\"wp-block-columns alignwide is-layout-flex wp-container-core-columns-is-layout-9d6595d7 wp-block-columns-is-layout-flex\">\n<div class=\"wp-block-column is-layout-flow wp-block-column-is-layout-flow\" style=\"flex-basis:100%\">\n<div class=\"wp-block-group is-layout-constrained wp-block-group-is-layout-constrained\">\n<h2 class=\"wp-block-heading has-large-font-size\">Do you want a career in a socially critical function where you can make a difference? <br><br>Welcome to the Water Industry!<\/h2>\n<\/div>\n<\/div>\n\n\n\n<div class=\"wp-block-column is-layout-flow wp-block-column-is-layout-flow\" style=\"flex-basis:100%\">\n<div class=\"wp-block-group is-layout-constrained wp-block-group-is-layout-constrained\">\n<h4 class=\"wp-block-heading\">The water industry is an exciting industry for those who want to work with sustainability, new technology and feel that your work is important and makes a difference. There are many career paths, there are a variety of exciting educations and jobs to choose from. Welcome to explore a career in water!<\/h4>\n\n\n\n<p>The water industry is facing a generational shift. At the same time, there is a huge investment need and development is happening faster than ever before. Overall, this means that we not only need to replace those who are retiring, we also need to attract people with other skills to the exciting and important water and sanitation industry.<\/p>\n\n\n\n<p>You are needed to secure our most important resource \u2013 water!<\/p>\n<\/div>\n<\/div>\n<\/div>\n\n\n\n<div style=\"height:40px\" aria-hidden=\"true\" class=\"wp-block-spacer\"><\/div>\n\n\n\n<section  class=\"tebab-block-text_columns alignfull\">\n\t<div class=\"contained\">\n\t\t<div class=\"columns\">\n\t\t\t\t\t\t\t<div class=\"column has-image\">\n\t\t\t\t\t \n\t\t\t\t\t\t<div class=\"image\">\n\t\t\t\t\t\t\t<img loading=\"lazy\" decoding=\"async\" width=\"1000\" height=\"667\" src=\"https:\/\/vattenindustrin.se\/wp-content\/uploads\/2025\/08\/63d1247131434f328069f10c_fotograf_maja_brand_bredda_bilden_teknikfo_retagen_23.jpg\" class=\"attachment-large size-large\" alt=\"\" srcset=\"https:\/\/vattenindustrin.se\/wp-content\/uploads\/2025\/08\/63d1247131434f328069f10c_fotograf_maja_brand_bredda_bilden_teknikfo_retagen_23.jpg 1000w, https:\/\/vattenindustrin.se\/wp-content\/uploads\/2025\/08\/63d1247131434f328069f10c_fotograf_maja_brand_bredda_bilden_teknikfo_retagen_23-300x200.jpg 300w, https:\/\/vattenindustrin.se\/wp-content\/uploads\/2025\/08\/63d1247131434f328069f10c_fotograf_maja_brand_bredda_bilden_teknikfo_retagen_23-768x512.jpg 768w\" sizes=\"auto, (max-width: 1000px) 100vw, 1000px\" \/>\t\t\t\t\t\t<\/div>\n\t\t\t\t\t\t\t\t\t\t<div class=\"content\">\n\t\t\t\t\t\t<h3 class=\"column-title\">Training that leads to jobs<\/h3>\n\t\t\t\t\t\t<p class=\"column-text\">Do you want to work with automation, the environment or safety issues? Do you dream of becoming an application expert, process engineer or project manager? Regardless, the Water Industry is for you! Read more about the education that leads to a job in VA.<\/p>\n\t\t\t\t\t\t\t\t\t\t\t\t\t<a href=\"\/en\/utbildningar-som-leder-till-jobb-i-vattenindustrin\/\" class=\"column-link button\">\n\t\t\t\t\t\t\t\tRead more\t\t\t\t\t\t\t<\/a>\n\t\t\t\t\t\t\t\t\t\t\t<\/div>\n\t\t\t\t<\/div>\n\t\t\t\t\t\t\t<div class=\"column has-image\">\n\t\t\t\t\t \n\t\t\t\t\t\t<div class=\"image\">\n\t\t\t\t\t\t\t<img loading=\"lazy\" decoding=\"async\" width=\"1024\" height=\"683\" src=\"https:\/\/vattenindustrin.se\/wp-content\/uploads\/2025\/08\/63e272054ccee1acc4b21e9d_ES_breddabilden_5436-1536x1024-1-1024x683.jpg\" class=\"attachment-large size-large\" alt=\"\" srcset=\"https:\/\/vattenindustrin.se\/wp-content\/uploads\/2025\/08\/63e272054ccee1acc4b21e9d_ES_breddabilden_5436-1536x1024-1-1024x683.jpg 1024w, https:\/\/vattenindustrin.se\/wp-content\/uploads\/2025\/08\/63e272054ccee1acc4b21e9d_ES_breddabilden_5436-1536x1024-1-300x200.jpg 300w, https:\/\/vattenindustrin.se\/wp-content\/uploads\/2025\/08\/63e272054ccee1acc4b21e9d_ES_breddabilden_5436-1536x1024-1-768x512.jpg 768w, https:\/\/vattenindustrin.se\/wp-content\/uploads\/2025\/08\/63e272054ccee1acc4b21e9d_ES_breddabilden_5436-1536x1024-1.jpg 1536w\" sizes=\"auto, (max-width: 1024px) 100vw, 1024px\" \/>\t\t\t\t\t\t<\/div>\n\t\t\t\t\t\t\t\t\t\t<div class=\"content\">\n\t\t\t\t\t\t<h3 class=\"column-title\">Graduation project, internship, traineeship or job?<\/h3>\n\t\t\t\t\t\t<p class=\"column-text\">Several of our member companies offer the opportunity to write thesis projects, internships and trainee programs. You can also visit their own career pages or contact them directly and show interest in working in an important industry where you make a difference!<\/p>\n\t\t\t\t\t\t\t\t\t\t\t\t\t<a href=\"\/en\/medlemmar\/\" class=\"column-link button\">\n\t\t\t\t\t\t\t\tExplore companies\t\t\t\t\t\t\t<\/a>\n\t\t\t\t\t\t\t\t\t\t\t<\/div>\n\t\t\t\t<\/div>\n\t\t\t\t\t\t\t<div class=\"column has-image\">\n\t\t\t\t\t \n\t\t\t\t\t\t<div class=\"image\">\n\t\t\t\t\t\t\t<img loading=\"lazy\" decoding=\"async\" width=\"1000\" height=\"667\" src=\"https:\/\/vattenindustrin.se\/wp-content\/uploads\/2025\/08\/alex-perez-wEgR12N01Tk-unsplash.jpg\" class=\"attachment-large size-large\" alt=\"\" srcset=\"https:\/\/vattenindustrin.se\/wp-content\/uploads\/2025\/08\/alex-perez-wEgR12N01Tk-unsplash.jpg 1000w, https:\/\/vattenindustrin.se\/wp-content\/uploads\/2025\/08\/alex-perez-wEgR12N01Tk-unsplash-300x200.jpg 300w, https:\/\/vattenindustrin.se\/wp-content\/uploads\/2025\/08\/alex-perez-wEgR12N01Tk-unsplash-768x512.jpg 768w\" sizes=\"auto, (max-width: 1000px) 100vw, 1000px\" \/>\t\t\t\t\t\t<\/div>\n\t\t\t\t\t\t\t\t\t\t<div class=\"content\">\n\t\t\t\t\t\t<h3 class=\"column-title\">Water Industry Internship Program<\/h3>\n\t\t\t\t\t\t<p class=\"column-text\">Find out if a career in water could be for you with the Water Industry Internship Program!<\/p>\n\t\t\t\t\t\t\t\t\t\t\t\t\t<a href=\"\/en\/internship\/\" class=\"column-link button\">\n\t\t\t\t\t\t\t\tRead more\t\t\t\t\t\t\t<\/a>\n\t\t\t\t\t\t\t\t\t\t\t<\/div>\n\t\t\t\t<\/div>\n\t\t\t\t\t<\/div>\n\t<\/div>\n<\/section>\n\n\n<div style=\"height:40px\" aria-hidden=\"true\" class=\"wp-block-spacer\"><\/div>\n\n\n<section  class=\"tebab-block-split_screen alignfull image_alignment-right\">\n    <div class=\"contained\">\n        <div class=\"tebab-block-split_screen__image-wrapper\">\n            <img loading=\"lazy\" decoding=\"async\" width=\"784\" height=\"783\" src=\"https:\/\/vattenindustrin.se\/wp-content\/uploads\/2026\/04\/foi_examensarbete_logotyper.jpg.webp\" class=\"attachment-landscape size-landscape\" alt=\"\" srcset=\"https:\/\/vattenindustrin.se\/wp-content\/uploads\/2026\/04\/foi_examensarbete_logotyper.jpg.webp 784w, https:\/\/vattenindustrin.se\/wp-content\/uploads\/2026\/04\/foi_examensarbete_logotyper.jpg-300x300.webp 300w, https:\/\/vattenindustrin.se\/wp-content\/uploads\/2026\/04\/foi_examensarbete_logotyper.jpg-150x150.webp 150w, https:\/\/vattenindustrin.se\/wp-content\/uploads\/2026\/04\/foi_examensarbete_logotyper.jpg-768x767.webp 768w, https:\/\/vattenindustrin.se\/wp-content\/uploads\/2026\/04\/foi_examensarbete_logotyper.jpg-12x12.webp 12w\" sizes=\"auto, (max-width: 784px) 100vw, 784px\" \/>        <\/div>\n\n        <div class=\"tebab-block-split_screen__content-wrapper\">\n            <h1><b><span lang=\"SV\">Best thesis in the field of water resources <\/span><\/b><\/h1>\n<p class=\"preamble\">To raise awareness and raise the status of the water and sanitation field, Svenskt Vatten, Structorstiftelsen and the Swedish Water Industry award a prize for the best thesis in the water and sanitation field once a year. The hope is that the prize will contribute to more students at Swedish universities choosing water and sanitation as a focus for their future thesis and subsequent professional lives.<\/p>\n<p class=\"preamble\">The prize consists of three scholarships of SEK 50,000 for 30 credits and one scholarship of SEK 25,000 for 15 credits.<\/p>\n<p>The winner will be selected according to the following criteria:<\/p>\n<ul>\n<li>News value<\/li>\n<li>High relevance for the water and sanitation industry and a realizable benefit<\/li>\n<li>Ability to describe the work in a balanced and easy-to-read manner<\/li>\n<\/ul>\n<p>&nbsp;<\/p>\n\n                            <div class=\"tebab-block-split_screen__buttons\">\n                                            <a href=\"https:\/\/vattenindustrin.se\/en\/basta-examensarbete-inom-va-2025\/\" class=\"button primary\" target=\"\" rel=\"noreferrer\">Read more<\/a>\n                                    <\/div>\n            \n        <\/div>\n    <\/div>\n<\/section>\n\n\n<div style=\"height:40px\" aria-hidden=\"true\" class=\"wp-block-spacer\"><\/div>\n\n\n\n<h2 class=\"wp-block-heading alignwide\">Explore exciting jobs in water<\/h2>\n\n\n\n<section  class=\"tebab-block-text_columns alignfull\">\n\t<div class=\"contained\">\n\t\t<div class=\"columns\">\n\t\t\t\t\t\t\t<div class=\"column has-image\">\n\t\t\t\t\t \n\t\t\t\t\t\t<div class=\"image\">\n\t\t\t\t\t\t\t<img loading=\"lazy\" decoding=\"async\" width=\"529\" height=\"348\" src=\"https:\/\/vattenindustrin.se\/wp-content\/uploads\/2025\/08\/IsabellaFroderberg-NextGen-529x348-1.png\" class=\"attachment-large size-large\" alt=\"\" srcset=\"https:\/\/vattenindustrin.se\/wp-content\/uploads\/2025\/08\/IsabellaFroderberg-NextGen-529x348-1.png 529w, https:\/\/vattenindustrin.se\/wp-content\/uploads\/2025\/08\/IsabellaFroderberg-NextGen-529x348-1-300x197.png 300w\" sizes=\"auto, (max-width: 529px) 100vw, 529px\" \/>\t\t\t\t\t\t<\/div>\n\t\t\t\t\t\t\t\t\t\t<div class=\"content\">\n\t\t\t\t\t\t<h3 class=\"column-title\">Isabella Fr\u00f6derberg is a Project Design Engineer<\/h3>\n\t\t\t\t\t\t<p class=\"column-text\">\u201dIt is rewarding to work in an industry that is constantly developing for the benefit of the environment and our waters.\u201d<\/p>\n\t\t\t\t\t\t\t\t\t\t\t\t\t<a href=\"\/en\/isabella-froderberg-ar-project-design-engineer\/\" class=\"column-link button\">\n\t\t\t\t\t\t\t\tRead more\t\t\t\t\t\t\t<\/a>\n\t\t\t\t\t\t\t\t\t\t\t<\/div>\n\t\t\t\t<\/div>\n\t\t\t\t\t\t\t<div class=\"column has-image\">\n\t\t\t\t\t \n\t\t\t\t\t\t<div class=\"image\">\n\t\t\t\t\t\t\t<img loading=\"lazy\" decoding=\"async\" width=\"1024\" height=\"683\" src=\"https:\/\/vattenindustrin.se\/wp-content\/uploads\/2025\/10\/SimonBjorkvall-Sweco-bla-1024x683.jpg\" class=\"attachment-large size-large\" alt=\"\" srcset=\"https:\/\/vattenindustrin.se\/wp-content\/uploads\/2025\/10\/SimonBjorkvall-Sweco-bla-1024x683.jpg 1024w, https:\/\/vattenindustrin.se\/wp-content\/uploads\/2025\/10\/SimonBjorkvall-Sweco-bla-300x200.jpg 300w, https:\/\/vattenindustrin.se\/wp-content\/uploads\/2025\/10\/SimonBjorkvall-Sweco-bla-768x512.jpg 768w, https:\/\/vattenindustrin.se\/wp-content\/uploads\/2025\/10\/SimonBjorkvall-Sweco-bla.jpg 1080w\" sizes=\"auto, (max-width: 1024px) 100vw, 1024px\" \/>\t\t\t\t\t\t<\/div>\n\t\t\t\t\t\t\t\t\t\t<div class=\"content\">\n\t\t\t\t\t\t<h3 class=\"column-title\">Simon Bj\u00f6rkvall is Project Manager<\/h3>\n\t\t\t\t\t\t<p class=\"column-text\">\u201dIt is an exciting industry with a high technology focus.\u201d<\/p>\n\t\t\t\t\t\t\t\t\t\t\t\t\t<a href=\"\/en\/simon-bjorkvall-ar-projekteringsledare\/\" class=\"column-link button\">\n\t\t\t\t\t\t\t\tRead more\t\t\t\t\t\t\t<\/a>\n\t\t\t\t\t\t\t\t\t\t\t<\/div>\n\t\t\t\t<\/div>\n\t\t\t\t\t\t\t<div class=\"column has-image\">\n\t\t\t\t\t \n\t\t\t\t\t\t<div class=\"image\">\n\t\t\t\t\t\t\t<img loading=\"lazy\" decoding=\"async\" width=\"529\" height=\"348\" src=\"https:\/\/vattenindustrin.se\/wp-content\/uploads\/2025\/08\/JohannaLangborger-NextGen-529x348-1.png\" class=\"attachment-large size-large\" alt=\"\" srcset=\"https:\/\/vattenindustrin.se\/wp-content\/uploads\/2025\/08\/JohannaLangborger-NextGen-529x348-1.png 529w, https:\/\/vattenindustrin.se\/wp-content\/uploads\/2025\/08\/JohannaLangborger-NextGen-529x348-1-300x197.png 300w\" sizes=\"auto, (max-width: 529px) 100vw, 529px\" \/>\t\t\t\t\t\t<\/div>\n\t\t\t\t\t\t\t\t\t\t<div class=\"content\">\n\t\t\t\t\t\t<h3 class=\"column-title\">Johanna Langborger is Technical Application Specialist<\/h3>\n\t\t\t\t\t\t<p class=\"column-text\">\u201dBeing able to combine my interest in chemistry and technology with environmental benefits is very valuable to me.\u201d<\/p>\n\t\t\t\t\t\t\t\t\t\t\t\t\t<a href=\"\/en\/johanna-langborger-ar-technical-application-specialist\/\" class=\"column-link button\">\n\t\t\t\t\t\t\t\tRead more\t\t\t\t\t\t\t<\/a>\n\t\t\t\t\t\t\t\t\t\t\t<\/div>\n\t\t\t\t<\/div>\n\t\t\t\t\t<\/div>\n\t<\/div>\n<\/section>\n\n\n<div style=\"height:40px\" aria-hidden=\"true\" class=\"wp-block-spacer\"><\/div>\n\n\n\n<section  class=\"tebab-block-text_columns alignfull\">\n\t<div class=\"contained\">\n\t\t<div class=\"columns\">\n\t\t\t\t\t\t\t<div class=\"column has-image\">\n\t\t\t\t\t \n\t\t\t\t\t\t<div class=\"image\">\n\t\t\t\t\t\t\t<img loading=\"lazy\" decoding=\"async\" width=\"1024\" height=\"683\" src=\"https:\/\/vattenindustrin.se\/wp-content\/uploads\/2025\/10\/Mattias-Ljungdahl-ELIQUO-MALMBERG-WATER-1024x683.png\" class=\"attachment-large size-large\" alt=\"\" srcset=\"https:\/\/vattenindustrin.se\/wp-content\/uploads\/2025\/10\/Mattias-Ljungdahl-ELIQUO-MALMBERG-WATER-1024x683.png 1024w, https:\/\/vattenindustrin.se\/wp-content\/uploads\/2025\/10\/Mattias-Ljungdahl-ELIQUO-MALMBERG-WATER-300x200.png 300w, https:\/\/vattenindustrin.se\/wp-content\/uploads\/2025\/10\/Mattias-Ljungdahl-ELIQUO-MALMBERG-WATER-768x512.png 768w, https:\/\/vattenindustrin.se\/wp-content\/uploads\/2025\/10\/Mattias-Ljungdahl-ELIQUO-MALMBERG-WATER.png 1080w\" sizes=\"auto, (max-width: 1024px) 100vw, 1024px\" \/>\t\t\t\t\t\t<\/div>\n\t\t\t\t\t\t\t\t\t\t<div class=\"content\">\n\t\t\t\t\t\t<h3 class=\"column-title\">Mattias Ljungdahl is deputy project manager.<\/h3>\n\t\t\t\t\t\t<p class=\"column-text\">\u201dBeing able to participate and contribute to cleaner water creates a sense of pride in me that I carry with me every day.\u201d<\/p>\n\t\t\t\t\t\t\t\t\t\t\t\t\t<a href=\"\/en\/mattias-ljungdahl-ar-bitradande-projektledare\/\" class=\"column-link button\">\n\t\t\t\t\t\t\t\tRead more\t\t\t\t\t\t\t<\/a>\n\t\t\t\t\t\t\t\t\t\t\t<\/div>\n\t\t\t\t<\/div>\n\t\t\t\t\t\t\t<div class=\"column has-image\">\n\t\t\t\t\t \n\t\t\t\t\t\t<div class=\"image\">\n\t\t\t\t\t\t\t<img loading=\"lazy\" decoding=\"async\" width=\"1024\" height=\"683\" src=\"https:\/\/vattenindustrin.se\/wp-content\/uploads\/2025\/10\/Julie-Garrison-Limnolog-Vattenresurs-1024x683.png\" class=\"attachment-large size-large\" alt=\"\" srcset=\"https:\/\/vattenindustrin.se\/wp-content\/uploads\/2025\/10\/Julie-Garrison-Limnolog-Vattenresurs-1024x683.png 1024w, https:\/\/vattenindustrin.se\/wp-content\/uploads\/2025\/10\/Julie-Garrison-Limnolog-Vattenresurs-300x200.png 300w, https:\/\/vattenindustrin.se\/wp-content\/uploads\/2025\/10\/Julie-Garrison-Limnolog-Vattenresurs-768x512.png 768w, https:\/\/vattenindustrin.se\/wp-content\/uploads\/2025\/10\/Julie-Garrison-Limnolog-Vattenresurs.png 1080w\" sizes=\"auto, (max-width: 1024px) 100vw, 1024px\" \/>\t\t\t\t\t\t<\/div>\n\t\t\t\t\t\t\t\t\t\t<div class=\"content\">\n\t\t\t\t\t\t<h3 class=\"column-title\">Julie Garrison is a limnologist<\/h3>\n\t\t\t\t\t\t<p class=\"column-text\">\u201dAfter my doctoral studies, I want to see the research I had put so much time and energy into come to fruition.\u201d<\/p>\n\t\t\t\t\t\t\t\t\t\t\t\t\t<a href=\"\/en\/julie-garrison-ar-limnolog\/\" class=\"column-link button\">\n\t\t\t\t\t\t\t\tRead more\t\t\t\t\t\t\t<\/a>\n\t\t\t\t\t\t\t\t\t\t\t<\/div>\n\t\t\t\t<\/div>\n\t\t\t\t\t\t\t<div class=\"column has-image\">\n\t\t\t\t\t \n\t\t\t\t\t\t<div class=\"image\">\n\t\t\t\t\t\t\t<img loading=\"lazy\" decoding=\"async\" width=\"1000\" height=\"667\" src=\"https:\/\/vattenindustrin.se\/wp-content\/uploads\/2025\/10\/Daniel-Ljungwal-Kamstrup.png\" class=\"attachment-large size-large\" alt=\"\" srcset=\"https:\/\/vattenindustrin.se\/wp-content\/uploads\/2025\/10\/Daniel-Ljungwal-Kamstrup.png 1000w, https:\/\/vattenindustrin.se\/wp-content\/uploads\/2025\/10\/Daniel-Ljungwal-Kamstrup-300x200.png 300w, https:\/\/vattenindustrin.se\/wp-content\/uploads\/2025\/10\/Daniel-Ljungwal-Kamstrup-768x512.png 768w\" sizes=\"auto, (max-width: 1000px) 100vw, 1000px\" \/>\t\t\t\t\t\t<\/div>\n\t\t\t\t\t\t\t\t\t\t<div class=\"content\">\n\t\t\t\t\t\t<h3 class=\"column-title\">Daniel Ljungwall is Technical Consultant Engineer Water<\/h3>\n\t\t\t\t\t\t<p class=\"column-text\">\u201d&quot;It&#039;s an exciting industry where a lot is happening. At Kamstrup, which is at the forefront, technology is a central part of the work, which I really appreciate.&quot;\u201d<\/p>\n\t\t\t\t\t\t\t\t\t\t\t\t\t<a href=\"\/en\/daniel-ljungwall-ar-technical-consultant-engineer-water\/\" class=\"column-link button\">\n\t\t\t\t\t\t\t\tRead more\t\t\t\t\t\t\t<\/a>\n\t\t\t\t\t\t\t\t\t\t\t<\/div>\n\t\t\t\t<\/div>\n\t\t\t\t\t<\/div>\n\t<\/div>\n<\/section>\n\n\n<div style=\"height:40px\" aria-hidden=\"true\" class=\"wp-block-spacer\"><\/div>\n\n\n\n<section  class=\"tebab-block-text_columns alignfull\">\n\t<div class=\"contained\">\n\t\t<div class=\"columns\">\n\t\t\t\t\t\t\t<div class=\"column has-image\">\n\t\t\t\t\t \n\t\t\t\t\t\t<div class=\"image\">\n\t\t\t\t\t\t\t<img loading=\"lazy\" decoding=\"async\" width=\"529\" height=\"348\" src=\"https:\/\/vattenindustrin.se\/wp-content\/uploads\/2025\/11\/MatildaJorblom-NextGen-529x348-1.png\" class=\"attachment-large size-large\" alt=\"\" srcset=\"https:\/\/vattenindustrin.se\/wp-content\/uploads\/2025\/11\/MatildaJorblom-NextGen-529x348-1.png 529w, https:\/\/vattenindustrin.se\/wp-content\/uploads\/2025\/11\/MatildaJorblom-NextGen-529x348-1-300x197.png 300w, https:\/\/vattenindustrin.se\/wp-content\/uploads\/2025\/11\/MatildaJorblom-NextGen-529x348-1-18x12.png 18w\" sizes=\"auto, (max-width: 529px) 100vw, 529px\" \/>\t\t\t\t\t\t<\/div>\n\t\t\t\t\t\t\t\t\t\t<div class=\"content\">\n\t\t\t\t\t\t<h3 class=\"column-title\">Matilda Jirblom is an investigation engineer<\/h3>\n\t\t\t\t\t\t<p class=\"column-text\">I am inspired by working in an industry that contributes to the functioning of one of the pillars of society \u2013 clean water in the tap.<\/p>\n\t\t\t\t\t\t\t\t\t\t\t\t\t<a href=\"\/en\/Matilda-Jirblom-ar-utredningsingenjor\/\" class=\"column-link button\">\n\t\t\t\t\t\t\t\tRead more\t\t\t\t\t\t\t<\/a>\n\t\t\t\t\t\t\t\t\t\t\t<\/div>\n\t\t\t\t<\/div>\n\t\t\t\t\t\t\t<div class=\"column has-image\">\n\t\t\t\t\t \n\t\t\t\t\t\t<div class=\"image\">\n\t\t\t\t\t\t\t<img loading=\"lazy\" decoding=\"async\" width=\"1000\" height=\"667\" src=\"https:\/\/vattenindustrin.se\/wp-content\/uploads\/2025\/11\/EmilSvensson-AquaRobur.png\" class=\"attachment-large size-large\" alt=\"\" srcset=\"https:\/\/vattenindustrin.se\/wp-content\/uploads\/2025\/11\/EmilSvensson-AquaRobur.png 1000w, https:\/\/vattenindustrin.se\/wp-content\/uploads\/2025\/11\/EmilSvensson-AquaRobur-300x200.png 300w, https:\/\/vattenindustrin.se\/wp-content\/uploads\/2025\/11\/EmilSvensson-AquaRobur-768x512.png 768w, https:\/\/vattenindustrin.se\/wp-content\/uploads\/2025\/11\/EmilSvensson-AquaRobur-18x12.png 18w\" sizes=\"auto, (max-width: 1000px) 100vw, 1000px\" \/>\t\t\t\t\t\t<\/div>\n\t\t\t\t\t\t\t\t\t\t<div class=\"content\">\n\t\t\t\t\t\t<h3 class=\"column-title\">Emil Svensson drives business development and partnerships in an industry undergoing rapid digital transformation.<\/h3>\n\t\t\t\t\t\t<p class=\"column-text\">\u201dThe water sector is facing extensive technical and organizational development \u2013 and being able to be part of driving that journey is both meaningful and inspiring.\u201d<\/p>\n\t\t\t\t\t\t\t\t\t\t\t\t\t<a href=\"\/en\/emil-svensson-driver-affarsutveckling-och-partnerskap-i-en-bransch-under-snabb-digital-transformation\/\" class=\"column-link button\">\n\t\t\t\t\t\t\t\tRead more\t\t\t\t\t\t\t<\/a>\n\t\t\t\t\t\t\t\t\t\t\t<\/div>\n\t\t\t\t<\/div>\n\t\t\t\t\t<\/div>\n\t<\/div>\n<\/section>\n\n\n<div style=\"height:40px\" aria-hidden=\"true\" class=\"wp-block-spacer\"><\/div>\n\n\n<section  class=\"tebab-block-split_screen alignfull image_alignment-left\">\n    <div class=\"contained\">\n        <div class=\"tebab-block-split_screen__image-wrapper\">\n            <img loading=\"lazy\" decoding=\"async\" width=\"1234\" height=\"823\" src=\"https:\/\/vattenindustrin.se\/wp-content\/uploads\/2025\/06\/Kunskapsbank2-1.jpg\" class=\"attachment-landscape size-landscape\" alt=\"\" srcset=\"https:\/\/vattenindustrin.se\/wp-content\/uploads\/2025\/06\/Kunskapsbank2-1.jpg 1234w, https:\/\/vattenindustrin.se\/wp-content\/uploads\/2025\/06\/Kunskapsbank2-1-300x200.jpg 300w, https:\/\/vattenindustrin.se\/wp-content\/uploads\/2025\/06\/Kunskapsbank2-1-1024x683.jpg 1024w, https:\/\/vattenindustrin.se\/wp-content\/uploads\/2025\/06\/Kunskapsbank2-1-768x512.jpg 768w\" sizes=\"auto, (max-width: 1234px) 100vw, 1234px\" \/>        <\/div>\n\n        <div class=\"tebab-block-split_screen__content-wrapper\">\n            <h1 class=\"tebab-block-hero__heading\">Do you also want to work in the Water Industry?<\/h1>\n<p>Do you want a career in a socially critical function where you can make a difference?<\/p>\n<p>&nbsp;<\/p>\n\n                            <div class=\"tebab-block-split_screen__buttons\">\n                                            <a href=\"\/en\/medlemmar\/\" class=\"button primary\" target=\"\" rel=\"noreferrer\">Explore our member companies<\/a>\n                                    <\/div>\n            \n        <\/div>\n    <\/div>\n<\/section>\n\n\n<div style=\"height:100px\" aria-hidden=\"true\" class=\"wp-block-spacer\"><\/div>","protected":false},"excerpt":{"rendered":"<p>\u00d6nskar du en karri\u00e4r inom en samh\u00e4llskritisk funktion d\u00e4r du kan g\u00f6ra skillnad? V\u00e4lkommen till Vattenindustrin! Vattenindustrin \u00e4r en sp\u00e4nnande bransch f\u00f6r dig som vill arbeta med h\u00e5llbarhet, ny teknik och k\u00e4nna att ditt arbete \u00e4r viktigt och g\u00f6r skillnad. Karri\u00e4rv\u00e4garna \u00e4r m\u00e5nga, det finns en m\u00e4ngd sp\u00e4nnande utbildningar och jobb att v\u00e4lja bland. V\u00e4lkommen [&hellip;]<\/p>\n","protected":false},"author":10,"featured_media":0,"parent":0,"menu_order":0,"comment_status":"closed","ping_status":"closed","template":"","meta":{"footnotes":""},"class_list":["post-2969802","page","type-page","status-publish","hentry"],"acf":[],"_links":{"self":[{"href":"https:\/\/vattenindustrin.se\/en\/wp-json\/wp\/v2\/pages\/2969802","targetHints":{"allow":["GET"]}}],"collection":[{"href":"https:\/\/vattenindustrin.se\/en\/wp-json\/wp\/v2\/pages"}],"about":[{"href":"https:\/\/vattenindustrin.se\/en\/wp-json\/wp\/v2\/types\/page"}],"author":[{"embeddable":true,"href":"https:\/\/vattenindustrin.se\/en\/wp-json\/wp\/v2\/users\/10"}],"replies":[{"embeddable":true,"href":"https:\/\/vattenindustrin.se\/en\/wp-json\/wp\/v2\/comments?post=2969802"}],"version-history":[{"count":44,"href":"https:\/\/vattenindustrin.se\/en\/wp-json\/wp\/v2\/pages\/2969802\/revisions"}],"predecessor-version":[{"id":2971645,"href":"https:\/\/vattenindustrin.se\/en\/wp-json\/wp\/v2\/pages\/2969802\/revisions\/2971645"}],"wp:attachment":[{"href":"https:\/\/vattenindustrin.se\/en\/wp-json\/wp\/v2\/media?parent=2969802"}],"curies":[{"name":"wp","href":"https:\/\/api.w.org\/{rel}","templated":true}]}}